{"id":999,"date":"2026-05-06T14:11:43","date_gmt":"2026-05-06T12:11:43","guid":{"rendered":"https:\/\/lulala.pl\/?post_type=product&#038;p=999"},"modified":"2026-05-06T15:39:53","modified_gmt":"2026-05-06T13:39:53","slug":"kolczyki-ju-duze-serca","status":"publish","type":"product","link":"https:\/\/lulala.pl\/index.php\/product\/kolczyki-ju-duze-serca\/","title":{"rendered":"Kolczyki Zebra Du\u017ce Serca"},"content":{"rendered":"<p>Kolczyki wykonane z stali nierdzennej i sk\u00f3ry naturalnej z printem w motywy zwierz\u0119ce.<br \/>\nWymiary: D\u0142ugo\u015b\u0107 serca 5cm<br \/>\nD\u0142ugo\u015b\u0107 ca\u0142ego kolczyka 8cm<br \/>\nKolor Serca: Motyw Zebra<\/p>\n","protected":false},"excerpt":{"rendered":"<p>Kolczyki wykonane z stali nierdzennej i sk\u00f3ry naturalnej z printem w motywy zwierz\u0119ce. Wymiary: D\u0142ugo\u015b\u0107 serca 5cm D\u0142ugo\u015b\u0107 ca\u0142ego kolczyka 8cm Kolor Serca: Motyw Zebra<\/p>\n","protected":false},"featured_media":1000,"comment_status":"open","ping_status":"closed","template":"","meta":[],"product_brand":[],"product_cat":[155,166],"product_tag":[167,168,163,148],"class_list":{"0":"post-999","1":"product","2":"type-product","3":"status-publish","4":"has-post-thumbnail","6":"product_cat-bizuteria","7":"product_cat-kolczyki","8":"product_tag-bizuteria-ze-stali-nierdzewnej","9":"product_tag-kolczyki","10":"product_tag-skorzane-serca","11":"product_tag-wyrob-wlasnoreczny","13":"first","14":"instock","15":"shipping-taxable","16":"purchasable","17":"product-type-simple"},"_links":{"self":[{"href":"https:\/\/lulala.pl\/index.php\/wp-json\/wp\/v2\/product\/999","targetHints":{"allow":["GET"]}}],"collection":[{"href":"https:\/\/lulala.pl\/index.php\/wp-json\/wp\/v2\/product"}],"about":[{"href":"https:\/\/lulala.pl\/index.php\/wp-json\/wp\/v2\/types\/product"}],"replies":[{"embeddable":true,"href":"https:\/\/lulala.pl\/index.php\/wp-json\/wp\/v2\/comments?post=999"}],"wp:featuredmedia":[{"embeddable":true,"href":"https:\/\/lulala.pl\/index.php\/wp-json\/wp\/v2\/media\/1000"}],"wp:attachment":[{"href":"https:\/\/lulala.pl\/index.php\/wp-json\/wp\/v2\/media?parent=999"}],"wp:term":[{"taxonomy":"product_brand","embeddable":true,"href":"https:\/\/lulala.pl\/index.php\/wp-json\/wp\/v2\/product_brand?post=999"},{"taxonomy":"product_cat","embeddable":true,"href":"https:\/\/lulala.pl\/index.php\/wp-json\/wp\/v2\/product_cat?post=999"},{"taxonomy":"product_tag","embeddable":true,"href":"https:\/\/lulala.pl\/index.php\/wp-json\/wp\/v2\/product_tag?post=999"}],"curies":[{"name":"wp","href":"https:\/\/api.w.org\/{rel}","templated":true}]}}