{"id":994,"date":"2026-05-06T14:00:39","date_gmt":"2026-05-06T12:00:39","guid":{"rendered":"https:\/\/lulala.pl\/?post_type=product&#038;p=994"},"modified":"2026-05-06T15:39:15","modified_gmt":"2026-05-06T13:39:15","slug":"kolczyki-ju-pantera","status":"publish","type":"product","link":"https:\/\/lulala.pl\/index.php\/product\/kolczyki-ju-pantera\/","title":{"rendered":"Kolczyki JU Pantera"},"content":{"rendered":"<p>Kolczyki wykonane z stali nierdzennej i sk\u00f3ry naturalnej z printem w motywy zwierz\u0119ce.<br \/>\nWymiary: D\u0142ugo\u015b\u0107 serca 3cm<br \/>\nD\u0142ugo\u015b\u0107 ca\u0142ego kolczyka 6cm<br \/>\nKolor Serca: motyw Pantery<\/p>\n","protected":false},"excerpt":{"rendered":"<p>Kolczyki wykonane z stali nierdzennej i sk\u00f3ry naturalnej z printem w motywy zwierz\u0119ce. Wymiary: D\u0142ugo\u015b\u0107 serca 3cm D\u0142ugo\u015b\u0107 ca\u0142ego kolczyka 6cm Kolor Serca: motyw Pantery<\/p>\n","protected":false},"featured_media":995,"comment_status":"open","ping_status":"closed","template":"","meta":[],"product_brand":[],"product_cat":[155,166],"product_tag":[165,164,163,161,140],"class_list":{"0":"post-994","1":"product","2":"type-product","3":"status-publish","4":"has-post-thumbnail","6":"product_cat-bizuteria","7":"product_cat-kolczyki","8":"product_tag-bizuteria-ze-skory-naturalnej","9":"product_tag-motyw-zwierzecy","10":"product_tag-skorzane-serca","11":"product_tag-stal-nerdzewna","12":"product_tag-wlasnoreczny-wyrob","14":"first","15":"instock","16":"shipping-taxable","17":"purchasable","18":"product-type-simple"},"_links":{"self":[{"href":"https:\/\/lulala.pl\/index.php\/wp-json\/wp\/v2\/product\/994","targetHints":{"allow":["GET"]}}],"collection":[{"href":"https:\/\/lulala.pl\/index.php\/wp-json\/wp\/v2\/product"}],"about":[{"href":"https:\/\/lulala.pl\/index.php\/wp-json\/wp\/v2\/types\/product"}],"replies":[{"embeddable":true,"href":"https:\/\/lulala.pl\/index.php\/wp-json\/wp\/v2\/comments?post=994"}],"wp:featuredmedia":[{"embeddable":true,"href":"https:\/\/lulala.pl\/index.php\/wp-json\/wp\/v2\/media\/995"}],"wp:attachment":[{"href":"https:\/\/lulala.pl\/index.php\/wp-json\/wp\/v2\/media?parent=994"}],"wp:term":[{"taxonomy":"product_brand","embeddable":true,"href":"https:\/\/lulala.pl\/index.php\/wp-json\/wp\/v2\/product_brand?post=994"},{"taxonomy":"product_cat","embeddable":true,"href":"https:\/\/lulala.pl\/index.php\/wp-json\/wp\/v2\/product_cat?post=994"},{"taxonomy":"product_tag","embeddable":true,"href":"https:\/\/lulala.pl\/index.php\/wp-json\/wp\/v2\/product_tag?post=994"}],"curies":[{"name":"wp","href":"https:\/\/api.w.org\/{rel}","templated":true}]}}