{"id":987,"date":"2026-04-30T17:32:48","date_gmt":"2026-04-30T15:32:48","guid":{"rendered":"https:\/\/lulala.pl\/?post_type=product&#038;p=987"},"modified":"2026-04-30T22:35:01","modified_gmt":"2026-04-30T20:35:01","slug":"naszyjnik-z-agatu-pastelowego-2","status":"publish","type":"product","link":"https:\/\/lulala.pl\/index.php\/product\/naszyjnik-z-agatu-pastelowego-2\/","title":{"rendered":"Naszyjnik z agatu pastelowego"},"content":{"rendered":"<p>W\u0142asnor\u0119cznie wykonany naszyjnik z pastelowego Agatu<br \/>\nDodatki: fioletowe serce z metalizowanej sk\u00f3ry 1,5cm, z\u0142oty wisiorek jamnik 1cm<br \/>\nelementy z\u0142ote wykonane ze stali nierdzewnej.<br \/>\nW\u0142a\u015bciwo\u015bci agatu: Agat jest znany ze swojego wp\u0142ywu na popraw\u0119 kondycji fizycznej i witalno\u015bci.<br \/>\nObw\u00f3d naszyjnika 50cm<br \/>\nwielko\u015b\u0107 agatu: 0,5mm<\/p>\n","protected":false},"excerpt":{"rendered":"<p>W\u0142asnor\u0119cznie wykonany naszyjnik z pastelowego Agatu Dodatki: fioletowe serce z metalizowanej sk\u00f3ry 1,5cm, z\u0142oty wisiorek jamnik 1cm elementy z\u0142ote wykonane ze stali nierdzewnej. W\u0142a\u015bciwo\u015bci agatu: Agat jest znany ze swojego [&hellip;]<\/p>\n","protected":false},"featured_media":982,"comment_status":"open","ping_status":"closed","template":"","meta":[],"product_brand":[],"product_cat":[155,156],"product_tag":[151,157,144,154,147,148],"class_list":{"0":"post-987","1":"product","2":"type-product","3":"status-publish","4":"has-post-thumbnail","6":"product_cat-bizuteria","7":"product_cat-naszyjniki","8":"product_tag-bizuteria","9":"product_tag-naszyjnik-personalizowany","10":"product_tag-naszyjnik-z-agatu","11":"product_tag-pastelowy-agat","12":"product_tag-skurzane-serce","13":"product_tag-wyrob-wlasnoreczny","15":"first","16":"instock","17":"shipping-taxable","18":"purchasable","19":"product-type-simple"},"_links":{"self":[{"href":"https:\/\/lulala.pl\/index.php\/wp-json\/wp\/v2\/product\/987","targetHints":{"allow":["GET"]}}],"collection":[{"href":"https:\/\/lulala.pl\/index.php\/wp-json\/wp\/v2\/product"}],"about":[{"href":"https:\/\/lulala.pl\/index.php\/wp-json\/wp\/v2\/types\/product"}],"replies":[{"embeddable":true,"href":"https:\/\/lulala.pl\/index.php\/wp-json\/wp\/v2\/comments?post=987"}],"wp:featuredmedia":[{"embeddable":true,"href":"https:\/\/lulala.pl\/index.php\/wp-json\/wp\/v2\/media\/982"}],"wp:attachment":[{"href":"https:\/\/lulala.pl\/index.php\/wp-json\/wp\/v2\/media?parent=987"}],"wp:term":[{"taxonomy":"product_brand","embeddable":true,"href":"https:\/\/lulala.pl\/index.php\/wp-json\/wp\/v2\/product_brand?post=987"},{"taxonomy":"product_cat","embeddable":true,"href":"https:\/\/lulala.pl\/index.php\/wp-json\/wp\/v2\/product_cat?post=987"},{"taxonomy":"product_tag","embeddable":true,"href":"https:\/\/lulala.pl\/index.php\/wp-json\/wp\/v2\/product_tag?post=987"}],"curies":[{"name":"wp","href":"https:\/\/api.w.org\/{rel}","templated":true}]}}