{"id":976,"date":"2026-04-30T17:06:05","date_gmt":"2026-04-30T15:06:05","guid":{"rendered":"https:\/\/lulala.pl\/?post_type=product&#038;p=976"},"modified":"2026-04-30T17:32:14","modified_gmt":"2026-04-30T15:32:14","slug":"naszyjnik-z-miodowego-cytrynu","status":"publish","type":"product","link":"https:\/\/lulala.pl\/index.php\/product\/naszyjnik-z-miodowego-cytrynu\/","title":{"rendered":"Naszyjnik z miodowego cytrynu"},"content":{"rendered":"<p>Naszyjnik w\u0142asnor\u0119cznie robiony z miodowego cytrynu.<br \/>\nZapi\u0119cie stal nierdzewna w kolorze srebrnym<br \/>\nW\u0142a\u015bciwo\u015bci Cytrynu<br \/>\nkamie\u0144 przyci\u0105gaj\u0105cy sukces i dobrobyt<\/p>\n<p>Dodatki: R\u00f3\u017cowe skurzane serce 3,5cm<br \/>\nzawieszka per\u0142y bia\u0142e<br \/>\nObw\u00f3d naszyjnika: 44cm<br \/>\nwielko\u015b\u0107 cytrynu: 8mm<br \/>\nMo\u017cliwo\u015b\u0107 personalizacji<\/p>\n","protected":false},"excerpt":{"rendered":"<p>Naszyjnik w\u0142asnor\u0119cznie robiony z miodowego cytrynu. Zapi\u0119cie stal nierdzewna w kolorze srebrnym W\u0142a\u015bciwo\u015bci Cytrynu kamie\u0144 przyci\u0105gaj\u0105cy sukces i dobrobyt Dodatki: R\u00f3\u017cowe skurzane serce 3,5cm zawieszka per\u0142y bia\u0142e Obw\u00f3d naszyjnika: 44cm [&hellip;]<\/p>\n","protected":false},"featured_media":978,"comment_status":"open","ping_status":"closed","template":"","meta":[],"product_brand":[],"product_cat":[155,156],"product_tag":[151,153,152,159,147,148,160],"class_list":{"0":"post-976","1":"product","2":"type-product","3":"status-publish","4":"has-post-thumbnail","6":"product_cat-bizuteria","7":"product_cat-naszyjniki","8":"product_tag-bizuteria","9":"product_tag-miodowy-cytryn","10":"product_tag-naszyjnik-z-cytrynu","11":"product_tag-naszyjnik-z-kamieni-naturalnych","12":"product_tag-skurzane-serce","13":"product_tag-wyrob-wlasnoreczny","14":"product_tag-zolty-naszyjnik","16":"first","17":"instock","18":"shipping-taxable","19":"purchasable","20":"product-type-simple"},"_links":{"self":[{"href":"https:\/\/lulala.pl\/index.php\/wp-json\/wp\/v2\/product\/976","targetHints":{"allow":["GET"]}}],"collection":[{"href":"https:\/\/lulala.pl\/index.php\/wp-json\/wp\/v2\/product"}],"about":[{"href":"https:\/\/lulala.pl\/index.php\/wp-json\/wp\/v2\/types\/product"}],"replies":[{"embeddable":true,"href":"https:\/\/lulala.pl\/index.php\/wp-json\/wp\/v2\/comments?post=976"}],"wp:featuredmedia":[{"embeddable":true,"href":"https:\/\/lulala.pl\/index.php\/wp-json\/wp\/v2\/media\/978"}],"wp:attachment":[{"href":"https:\/\/lulala.pl\/index.php\/wp-json\/wp\/v2\/media?parent=976"}],"wp:term":[{"taxonomy":"product_brand","embeddable":true,"href":"https:\/\/lulala.pl\/index.php\/wp-json\/wp\/v2\/product_brand?post=976"},{"taxonomy":"product_cat","embeddable":true,"href":"https:\/\/lulala.pl\/index.php\/wp-json\/wp\/v2\/product_cat?post=976"},{"taxonomy":"product_tag","embeddable":true,"href":"https:\/\/lulala.pl\/index.php\/wp-json\/wp\/v2\/product_tag?post=976"}],"curies":[{"name":"wp","href":"https:\/\/api.w.org\/{rel}","templated":true}]}}