{"id":972,"date":"2026-04-30T16:54:10","date_gmt":"2026-04-30T14:54:10","guid":{"rendered":"https:\/\/lulala.pl\/?post_type=product&#038;p=972"},"modified":"2026-04-30T22:38:34","modified_gmt":"2026-04-30T20:38:34","slug":"naszyjnik-z-fioletowego-agatu","status":"publish","type":"product","link":"https:\/\/lulala.pl\/index.php\/product\/naszyjnik-z-fioletowego-agatu\/","title":{"rendered":"Naszyjnik z Fioletowego Agatu"},"content":{"rendered":"<p>Naszyjnik w\u0142asnor\u0119cznie robiony z Fioletowego Agatu przed\u0142u\u017cany z\u0142otym \u0142a\u0144cuszkiem ze stali nierdzewnej.<br \/>\nDodatki: Trzy fioletowe serca z metalizowanej sk\u00f3ry<br \/>\nz\u0142ote elementy ze stali nierdzewnej<br \/>\nW\u0142a\u015bciwo\u015bci agatu: kamie\u0144 r\u00f3wnowagi i ochrony, znany z harmonizowania energii yin i yang, redukcji stresu oraz stabilizacji emocjonalnej<br \/>\nObw\u00f3d naszyjnika 56cm<br \/>\nwielko\u015b\u0107 agatu: 9mm<\/p>\n","protected":false},"excerpt":{"rendered":"<p>Naszyjnik w\u0142asnor\u0119cznie robiony z Fioletowego Agatu przed\u0142u\u017cany z\u0142otym \u0142a\u0144cuszkiem ze stali nierdzewnej. Dodatki: Trzy fioletowe serca z metalizowanej sk\u00f3ry z\u0142ote elementy ze stali nierdzewnej W\u0142a\u015bciwo\u015bci agatu: kamie\u0144 r\u00f3wnowagi i ochrony, [&hellip;]<\/p>\n","protected":false},"featured_media":973,"comment_status":"open","ping_status":"closed","template":"","meta":[],"product_brand":[],"product_cat":[155,156],"product_tag":[151,150,144,158,147,148],"class_list":{"0":"post-972","1":"product","2":"type-product","3":"status-publish","4":"has-post-thumbnail","6":"product_cat-bizuteria","7":"product_cat-naszyjniki","8":"product_tag-bizuteria","9":"product_tag-fioletowy-agat","10":"product_tag-naszyjnik-z-agatu","11":"product_tag-personalizowany-naszyjnik-z-agatu","12":"product_tag-skurzane-serce","13":"product_tag-wyrob-wlasnoreczny","15":"first","16":"instock","17":"shipping-taxable","18":"purchasable","19":"product-type-simple"},"_links":{"self":[{"href":"https:\/\/lulala.pl\/index.php\/wp-json\/wp\/v2\/product\/972","targetHints":{"allow":["GET"]}}],"collection":[{"href":"https:\/\/lulala.pl\/index.php\/wp-json\/wp\/v2\/product"}],"about":[{"href":"https:\/\/lulala.pl\/index.php\/wp-json\/wp\/v2\/types\/product"}],"replies":[{"embeddable":true,"href":"https:\/\/lulala.pl\/index.php\/wp-json\/wp\/v2\/comments?post=972"}],"wp:featuredmedia":[{"embeddable":true,"href":"https:\/\/lulala.pl\/index.php\/wp-json\/wp\/v2\/media\/973"}],"wp:attachment":[{"href":"https:\/\/lulala.pl\/index.php\/wp-json\/wp\/v2\/media?parent=972"}],"wp:term":[{"taxonomy":"product_brand","embeddable":true,"href":"https:\/\/lulala.pl\/index.php\/wp-json\/wp\/v2\/product_brand?post=972"},{"taxonomy":"product_cat","embeddable":true,"href":"https:\/\/lulala.pl\/index.php\/wp-json\/wp\/v2\/product_cat?post=972"},{"taxonomy":"product_tag","embeddable":true,"href":"https:\/\/lulala.pl\/index.php\/wp-json\/wp\/v2\/product_tag?post=972"}],"curies":[{"name":"wp","href":"https:\/\/api.w.org\/{rel}","templated":true}]}}