{"id":964,"date":"2026-04-30T16:42:37","date_gmt":"2026-04-30T14:42:37","guid":{"rendered":"https:\/\/lulala.pl\/?post_type=product&#038;p=964"},"modified":"2026-04-30T17:19:18","modified_gmt":"2026-04-30T15:19:18","slug":"naszyjnik-z-agatu","status":"publish","type":"product","link":"https:\/\/lulala.pl\/index.php\/product\/naszyjnik-z-agatu\/","title":{"rendered":"Naszyjnik z czerwono pomara\u0144czowego Agatu"},"content":{"rendered":"<p>Naszyjnik w\u0142asnor\u0119cznie robiony z czerwono pomara\u0144czowego Agatu przed\u0142u\u017cany z\u0142otym wisiorkiem<br \/>\nDodatki: Wisiorek ze sk\u00f3ry naturalnej czerwony serce 3cm, z\u0142ota zawieszka but kowbojski 1,5cm<br \/>\nW\u0142a\u015bciwo\u015bci agatu: Agat jest znany ze swojego wp\u0142ywu na popraw\u0119 kondycji fizycznej i witalno\u015bci.<br \/>\nObw\u00f3d naszyjnika 56cm<br \/>\nWielko\u015b\u0107 agatu: 7mm<\/p>\n","protected":false},"excerpt":{"rendered":"<p>Naszyjnik w\u0142asnor\u0119cznie robiony z czerwono pomara\u0144czowego Agatu przed\u0142u\u017cany z\u0142otym wisiorkiem Dodatki: Wisiorek ze sk\u00f3ry naturalnej czerwony serce 3cm, z\u0142ota zawieszka but kowbojski 1,5cm W\u0142a\u015bciwo\u015bci agatu: Agat jest znany ze swojego [&hellip;]<\/p>\n","protected":false},"featured_media":962,"comment_status":"open","ping_status":"closed","template":"","meta":[],"product_brand":[],"product_cat":[155,156],"product_tag":[145,149,144,147,146,148],"class_list":{"0":"post-964","1":"product","2":"type-product","3":"status-publish","4":"has-post-thumbnail","6":"product_cat-bizuteria","7":"product_cat-naszyjniki","8":"product_tag-agat","9":"product_tag-kowboj","10":"product_tag-naszyjnik-z-agatu","11":"product_tag-skurzane-serce","12":"product_tag-wisiorek-kowboj","13":"product_tag-wyrob-wlasnoreczny","15":"first","16":"instock","17":"shipping-taxable","18":"purchasable","19":"product-type-simple"},"_links":{"self":[{"href":"https:\/\/lulala.pl\/index.php\/wp-json\/wp\/v2\/product\/964","targetHints":{"allow":["GET"]}}],"collection":[{"href":"https:\/\/lulala.pl\/index.php\/wp-json\/wp\/v2\/product"}],"about":[{"href":"https:\/\/lulala.pl\/index.php\/wp-json\/wp\/v2\/types\/product"}],"replies":[{"embeddable":true,"href":"https:\/\/lulala.pl\/index.php\/wp-json\/wp\/v2\/comments?post=964"}],"wp:featuredmedia":[{"embeddable":true,"href":"https:\/\/lulala.pl\/index.php\/wp-json\/wp\/v2\/media\/962"}],"wp:attachment":[{"href":"https:\/\/lulala.pl\/index.php\/wp-json\/wp\/v2\/media?parent=964"}],"wp:term":[{"taxonomy":"product_brand","embeddable":true,"href":"https:\/\/lulala.pl\/index.php\/wp-json\/wp\/v2\/product_brand?post=964"},{"taxonomy":"product_cat","embeddable":true,"href":"https:\/\/lulala.pl\/index.php\/wp-json\/wp\/v2\/product_cat?post=964"},{"taxonomy":"product_tag","embeddable":true,"href":"https:\/\/lulala.pl\/index.php\/wp-json\/wp\/v2\/product_tag?post=964"}],"curies":[{"name":"wp","href":"https:\/\/api.w.org\/{rel}","templated":true}]}}