{"id":958,"date":"2026-04-30T16:15:48","date_gmt":"2026-04-30T14:15:48","guid":{"rendered":"https:\/\/lulala.pl\/?post_type=product&#038;p=958"},"modified":"2026-04-30T17:19:34","modified_gmt":"2026-04-30T15:19:34","slug":"naszyjnik-z-perel","status":"publish","type":"product","link":"https:\/\/lulala.pl\/index.php\/product\/naszyjnik-z-perel\/","title":{"rendered":"Naszyjnik z Pere\u0142"},"content":{"rendered":"<p>Naszyjnik z r\u00f3\u017cowych pere\u0142 w\u0142asnor\u0119cznie nawlekany, ka\u017cdy koralik przedzielony supe\u0142kiem. Przed\u0142u\u017cenie wykonane z z\u0142otego \u0142a\u0144cuszka<br \/>\nZ\u0142ote elementy z stali nierdzewnej<br \/>\nDodatki: serduszko z sk\u00f3ry naturalnej z motywem pantery, zawieszka \u015bwinka ze zawieszkami<br \/>\nObw\u00f3d naszyjnika: 55cm<br \/>\nWielko\u015b\u0107 per\u0142y: ok. 8mm<\/p>\n","protected":false},"excerpt":{"rendered":"<p>Naszyjnik z r\u00f3\u017cowych pere\u0142 w\u0142asnor\u0119cznie nawlekany, ka\u017cdy koralik przedzielony supe\u0142kiem. Przed\u0142u\u017cenie wykonane z z\u0142otego \u0142a\u0144cuszka Z\u0142ote elementy z stali nierdzewnej Dodatki: serduszko z sk\u00f3ry naturalnej z motywem pantery, zawieszka \u015bwinka [&hellip;]<\/p>\n","protected":false},"featured_media":960,"comment_status":"open","ping_status":"closed","template":"","meta":[],"product_brand":[],"product_cat":[155,156],"product_tag":[141,143,139,142,140],"class_list":{"0":"post-958","1":"product","2":"type-product","3":"status-publish","4":"has-post-thumbnail","6":"product_cat-bizuteria","7":"product_cat-naszyjniki","8":"product_tag-bizuteria-oryginalna","9":"product_tag-naszyjnik-z-motywem-swinki","10":"product_tag-naszyjnik-z-rozowych-perel","11":"product_tag-naszyjnik-z-wisiorkiem","12":"product_tag-wlasnoreczny-wyrob","14":"first","15":"instock","16":"shipping-taxable","17":"purchasable","18":"product-type-simple"},"_links":{"self":[{"href":"https:\/\/lulala.pl\/index.php\/wp-json\/wp\/v2\/product\/958","targetHints":{"allow":["GET"]}}],"collection":[{"href":"https:\/\/lulala.pl\/index.php\/wp-json\/wp\/v2\/product"}],"about":[{"href":"https:\/\/lulala.pl\/index.php\/wp-json\/wp\/v2\/types\/product"}],"replies":[{"embeddable":true,"href":"https:\/\/lulala.pl\/index.php\/wp-json\/wp\/v2\/comments?post=958"}],"wp:featuredmedia":[{"embeddable":true,"href":"https:\/\/lulala.pl\/index.php\/wp-json\/wp\/v2\/media\/960"}],"wp:attachment":[{"href":"https:\/\/lulala.pl\/index.php\/wp-json\/wp\/v2\/media?parent=958"}],"wp:term":[{"taxonomy":"product_brand","embeddable":true,"href":"https:\/\/lulala.pl\/index.php\/wp-json\/wp\/v2\/product_brand?post=958"},{"taxonomy":"product_cat","embeddable":true,"href":"https:\/\/lulala.pl\/index.php\/wp-json\/wp\/v2\/product_cat?post=958"},{"taxonomy":"product_tag","embeddable":true,"href":"https:\/\/lulala.pl\/index.php\/wp-json\/wp\/v2\/product_tag?post=958"}],"curies":[{"name":"wp","href":"https:\/\/api.w.org\/{rel}","templated":true}]}}