{"id":949,"date":"2025-11-17T19:21:53","date_gmt":"2025-11-17T18:21:53","guid":{"rendered":"https:\/\/lulala.pl\/?post_type=product&#038;p=949"},"modified":"2026-03-02T22:30:36","modified_gmt":"2026-03-02T21:30:36","slug":"torebka-worek-kobalt","status":"publish","type":"product","link":"https:\/\/lulala.pl\/index.php\/product\/torebka-worek-kobalt\/","title":{"rendered":"Torebka WOREK KOBALT"},"content":{"rendered":"<p>Sk\u00f3rzana torebka w stylu street fashion, wykonana z kobaltowej licowanej, w\u0142oskiej sk\u00f3ry.<br \/>\nMo\u017cna j\u0105 nosi\u0107 na skos lub na rami\u0119.\u00a0<br \/>\nTorebka jest zaci\u0105gana kolorowymi linkami.<br \/>\nZosta\u0142a r\u0119cznie uszyta w naszej pracowni z du\u017c\u0105 dba\u0142o\u015bci\u0105 o jako\u015b\u0107.<br \/>\nDo torebki mo\u017cna dobra\u0107 brelok z kolekcji dost\u0119pnej na sklepie.<\/p>\n<p>Wymiary torebki: 13cm (szeroko\u015b\u0107)\/6cm (bok)\/21cm (wysoko\u015b\u0107),\u00a0<\/p>\n<p>Pas regulowany. <\/p>\n<p>Do torebki do\u0142\u0105czony b\u0119dzie p\u0142\u00f3cienny woreczek do przechowywania.<\/p>\n<p>Torebk\u0119 wysy\u0142amy w eco opakowaniu bez u\u017cycia plastiku.<\/p>\n","protected":false},"excerpt":{"rendered":"<p>Niebieska, sk\u00f3rzana torebka.<\/p>\n","protected":false},"featured_media":951,"comment_status":"open","ping_status":"closed","template":"","meta":[],"product_brand":[],"product_cat":[22],"product_tag":[84,42,62,61,74,73,119,120,79,83,82,78,75,76,81,121],"class_list":{"0":"post-949","1":"product","2":"type-product","3":"status-publish","4":"has-post-thumbnail","6":"product_cat-torebki","7":"product_tag-festiwalowa-torebka","8":"product_tag-minileatherbag","9":"product_tag-polska-marka","10":"product_tag-polskie-rzemioslo","11":"product_tag-polskie-torebki-hand-made","12":"product_tag-rozowa-skorzana-torebka","13":"product_tag-saszetka-ze-skory","14":"product_tag-skorzana-nerka","15":"product_tag-torebka-damska","16":"product_tag-torebka-na-impreze","17":"product_tag-torebka-na-lato","18":"product_tag-torebka-nerka","19":"product_tag-torebka-recznie-szyta","20":"product_tag-unikatowa-skorzana-torebka","21":"product_tag-wyjatkowa-torebka","22":"product_tag-zielona-torebka","24":"first","25":"onbackorder","26":"shipping-taxable","27":"purchasable","28":"product-type-simple"},"_links":{"self":[{"href":"https:\/\/lulala.pl\/index.php\/wp-json\/wp\/v2\/product\/949","targetHints":{"allow":["GET"]}}],"collection":[{"href":"https:\/\/lulala.pl\/index.php\/wp-json\/wp\/v2\/product"}],"about":[{"href":"https:\/\/lulala.pl\/index.php\/wp-json\/wp\/v2\/types\/product"}],"replies":[{"embeddable":true,"href":"https:\/\/lulala.pl\/index.php\/wp-json\/wp\/v2\/comments?post=949"}],"wp:featuredmedia":[{"embeddable":true,"href":"https:\/\/lulala.pl\/index.php\/wp-json\/wp\/v2\/media\/951"}],"wp:attachment":[{"href":"https:\/\/lulala.pl\/index.php\/wp-json\/wp\/v2\/media?parent=949"}],"wp:term":[{"taxonomy":"product_brand","embeddable":true,"href":"https:\/\/lulala.pl\/index.php\/wp-json\/wp\/v2\/product_brand?post=949"},{"taxonomy":"product_cat","embeddable":true,"href":"https:\/\/lulala.pl\/index.php\/wp-json\/wp\/v2\/product_cat?post=949"},{"taxonomy":"product_tag","embeddable":true,"href":"https:\/\/lulala.pl\/index.php\/wp-json\/wp\/v2\/product_tag?post=949"}],"curies":[{"name":"wp","href":"https:\/\/api.w.org\/{rel}","templated":true}]}}