{"id":796,"date":"2023-11-09T15:26:05","date_gmt":"2023-11-09T14:26:05","guid":{"rendered":"https:\/\/lulala.pl\/?post_type=product&#038;p=796"},"modified":"2025-06-04T01:50:13","modified_gmt":"2025-06-03T23:50:13","slug":"mini-torebka-pink-flowers-kopia","status":"publish","type":"product","link":"https:\/\/lulala.pl\/index.php\/product\/mini-torebka-pink-flowers-kopia\/","title":{"rendered":"Mini torebka Pink Flowers"},"content":{"rendered":"<p>Sk\u00f3rzana torebka wykonana z licowanej br\u0105zowej, w\u0142oskiej sk\u00f3ry.<br \/>\nMo\u017cna j\u0105 nosi\u0107 na skos lub jak nerk\u0119 na pasie.\u00a0 Torebka zapinana jest na metalowy zamek.<br \/>\nZosta\u0142a r\u0119cznie uszyta w naszej pracowni z du\u017c\u0105 dba\u0142o\u015bci\u0105 o jako\u015b\u0107.<\/p>\n<p>Wymiary torebki: 30cm (szeroko\u015b\u0107)\/8cm (bok)\/22cm (wysoko\u015b\u0107),\u00a0<\/p>\n<p>Pas regulowany.<\/p>\n<p>Do torebki do\u0142\u0105czony b\u0119dzie p\u0142\u00f3cienny woreczek do przechowywania.<\/p>\n<p>Torebk\u0119 wysy\u0142amy w eco opakowaniu bez u\u017cycia plastiku.<\/p>\n","protected":false},"excerpt":{"rendered":"<p>R\u0119cznie szyta r\u00f3\u017cowa, sk\u00f3rzana torebka.<\/p>\n","protected":false},"featured_media":798,"comment_status":"open","ping_status":"closed","template":"","meta":[],"product_brand":[],"product_cat":[22],"product_tag":[84,42,62,61,74,73,79,83,82,78,75,80,76,81,77],"class_list":{"0":"post-796","1":"product","2":"type-product","3":"status-publish","4":"has-post-thumbnail","6":"product_cat-torebki","7":"product_tag-festiwalowa-torebka","8":"product_tag-minileatherbag","9":"product_tag-polska-marka","10":"product_tag-polskie-rzemioslo","11":"product_tag-polskie-torebki-hand-made","12":"product_tag-rozowa-skorzana-torebka","13":"product_tag-torebka-damska","14":"product_tag-torebka-na-impreze","15":"product_tag-torebka-na-lato","16":"product_tag-torebka-nerka","17":"product_tag-torebka-recznie-szyta","18":"product_tag-torebka-z-wytlaczanej-skory","19":"product_tag-unikatowa-skorzana-torebka","20":"product_tag-wyjatkowa-torebka","21":"product_tag-wytlaczana-skora","23":"first","24":"instock","25":"shipping-taxable","26":"purchasable","27":"product-type-simple"},"_links":{"self":[{"href":"https:\/\/lulala.pl\/index.php\/wp-json\/wp\/v2\/product\/796","targetHints":{"allow":["GET"]}}],"collection":[{"href":"https:\/\/lulala.pl\/index.php\/wp-json\/wp\/v2\/product"}],"about":[{"href":"https:\/\/lulala.pl\/index.php\/wp-json\/wp\/v2\/types\/product"}],"replies":[{"embeddable":true,"href":"https:\/\/lulala.pl\/index.php\/wp-json\/wp\/v2\/comments?post=796"}],"wp:featuredmedia":[{"embeddable":true,"href":"https:\/\/lulala.pl\/index.php\/wp-json\/wp\/v2\/media\/798"}],"wp:attachment":[{"href":"https:\/\/lulala.pl\/index.php\/wp-json\/wp\/v2\/media?parent=796"}],"wp:term":[{"taxonomy":"product_brand","embeddable":true,"href":"https:\/\/lulala.pl\/index.php\/wp-json\/wp\/v2\/product_brand?post=796"},{"taxonomy":"product_cat","embeddable":true,"href":"https:\/\/lulala.pl\/index.php\/wp-json\/wp\/v2\/product_cat?post=796"},{"taxonomy":"product_tag","embeddable":true,"href":"https:\/\/lulala.pl\/index.php\/wp-json\/wp\/v2\/product_tag?post=796"}],"curies":[{"name":"wp","href":"https:\/\/api.w.org\/{rel}","templated":true}]}}