{"id":780,"date":"2022-11-03T17:04:11","date_gmt":"2022-11-03T16:04:11","guid":{"rendered":"https:\/\/lulala.pl\/?post_type=product&#038;p=780"},"modified":"2023-04-24T22:04:03","modified_gmt":"2023-04-24T20:04:03","slug":"torebka-pink-trapeze","status":"publish","type":"product","link":"https:\/\/lulala.pl\/index.php\/product\/torebka-pink-trapeze\/","title":{"rendered":"Torebka Pink Trapeze"},"content":{"rendered":"<p>Oryginalna i niepowtarzalna torebka wykonana w pojedynczym egzemplarzu w mojej pracowni w Gda\u0144sku.<br \/>\nR\u0119cznie wykonana torebka z w\u0142oskiej, r\u00f3\u017cowej licowej sk\u00f3ry naturalnej.<\/p>\n<p>Torebka jest zamykana na zapi\u0119cie magnesowe. <\/p>\n<p>Posiada pasek do noszenia w r\u0119ku oraz d\u0142ugi pasek do noszenia na krzy\u017c lub na rami\u0119.<\/p>\n<p>Wymiary 18cm (wysoko\u015b\u0107)_\/29cm (szeroko\u015b\u0107)\/7cm (bok)<\/p>\n<p>D\u0142ugo\u015b\u0107 pasek 127cm i kr\u00f3tki do noszenia do r\u0119ki<\/p>\n","protected":false},"excerpt":{"rendered":"<p>R\u0119cznie wykonana torebka z w\u0142oskiej sk\u00f3ry naturalnej.<\/p>\n","protected":false},"featured_media":783,"comment_status":"open","ping_status":"closed","template":"","meta":[],"product_brand":[],"product_cat":[22],"product_tag":[37,36,39,40,45,38,41,43],"class_list":{"0":"post-780","1":"product","2":"type-product","3":"status-publish","4":"has-post-thumbnail","6":"product_cat-torebki","7":"product_tag-polskamarka","8":"product_tag-polskierzemioslo","9":"product_tag-polskietorebkihandmade","10":"product_tag-polskietorebkiskorzanedamskie","11":"product_tag-torebkanerkazeskorynaturalnej","12":"product_tag-torebkarecznieszyta","13":"product_tag-torebkazwytlaczanejskory","14":"product_tag-unikatowaskorzanatorebka","16":"first","17":"onbackorder","18":"shipping-taxable","19":"purchasable","20":"product-type-simple"},"_links":{"self":[{"href":"https:\/\/lulala.pl\/index.php\/wp-json\/wp\/v2\/product\/780","targetHints":{"allow":["GET"]}}],"collection":[{"href":"https:\/\/lulala.pl\/index.php\/wp-json\/wp\/v2\/product"}],"about":[{"href":"https:\/\/lulala.pl\/index.php\/wp-json\/wp\/v2\/types\/product"}],"replies":[{"embeddable":true,"href":"https:\/\/lulala.pl\/index.php\/wp-json\/wp\/v2\/comments?post=780"}],"wp:featuredmedia":[{"embeddable":true,"href":"https:\/\/lulala.pl\/index.php\/wp-json\/wp\/v2\/media\/783"}],"wp:attachment":[{"href":"https:\/\/lulala.pl\/index.php\/wp-json\/wp\/v2\/media?parent=780"}],"wp:term":[{"taxonomy":"product_brand","embeddable":true,"href":"https:\/\/lulala.pl\/index.php\/wp-json\/wp\/v2\/product_brand?post=780"},{"taxonomy":"product_cat","embeddable":true,"href":"https:\/\/lulala.pl\/index.php\/wp-json\/wp\/v2\/product_cat?post=780"},{"taxonomy":"product_tag","embeddable":true,"href":"https:\/\/lulala.pl\/index.php\/wp-json\/wp\/v2\/product_tag?post=780"}],"curies":[{"name":"wp","href":"https:\/\/api.w.org\/{rel}","templated":true}]}}