{"id":753,"date":"2022-10-30T18:09:45","date_gmt":"2022-10-30T17:09:45","guid":{"rendered":"https:\/\/lulala.pl\/?post_type=product&#038;p=753"},"modified":"2025-06-03T15:04:00","modified_gmt":"2025-06-03T13:04:00","slug":"torebka-na-ramie-moon-pantera","status":"publish","type":"product","link":"https:\/\/lulala.pl\/index.php\/product\/torebka-na-ramie-moon-pantera\/","title":{"rendered":"Torebka na rami\u0119 Moon Pantera"},"content":{"rendered":"<p>Czarna torebka sk\u00f3rzana w modnym ostatnio stylu shoulder bag. Zapinana na zamek i ozdobiona dwiema ma\u0142ymi klamrami w kolorze z\u0142otym.<br \/>\n Jej kszta\u0142t przypomina mi ksi\u0119\u017cyc lub rogala.  Wykonana  z zamszowej, czarno-szarej w\u0142oskiej sk\u00f3ry z nadrukowanym wzorem.\u00a0<br \/>\nTorebka zapinana jest na zamek. Zosta\u0142a r\u0119cznie uszyta w mojej pracowni.<\/p>\n<p>Wymiary torebki : 33cm(szeroko\u015b\u0107)\/34cm(wysoko\u015b\u0107 w najwy\u017cszym miejscu),\u00a0 <\/p>\n<p>Pas  regulowany d\u0142ugo\u015b\u0107 max 58cm<\/p>\n<p>Do torebki do\u0142\u0105czony b\u0119dzie p\u0142\u00f3cienny woreczek do przechowywania. Torebk\u0119 wysy\u0142amy w eco opakowaniu bez u\u017cycia plastiku.<\/p>\n<p>Prosimy o kontakt, je\u017celi chcia\u0142by\u015b dokona\u0107 personalizacji torebki.<\/p>\n","protected":false},"excerpt":{"rendered":"<p>R\u0119cznie szyta, sk\u00f3rzana torebka.<\/p>\n","protected":false},"featured_media":754,"comment_status":"open","ping_status":"closed","template":"","meta":[],"product_brand":[],"product_cat":[22],"product_tag":[101,104,68,42,37,61,103,39,99,95,75,100,102,76,94],"class_list":{"0":"post-753","1":"product","2":"type-product","3":"status-publish","4":"has-post-thumbnail","6":"product_cat-torebki","7":"product_tag-czarna-torebka-ze-skory","8":"product_tag-kaletnik","9":"product_tag-leathercraft","10":"product_tag-minileatherbag","11":"product_tag-polskamarka","12":"product_tag-polskie-rzemioslo","13":"product_tag-polskie-torebki-skorzane-damskie","14":"product_tag-polskietorebkihandmade","15":"product_tag-shoulder-bag","16":"product_tag-slow-fashion","17":"product_tag-torebka-recznie-szyta","18":"product_tag-torebka-ze-skory","19":"product_tag-torebka-ze-skory-naturalnej","20":"product_tag-unikatowa-skorzana-torebka","21":"product_tag-zrownowazona-moda","23":"first","24":"outofstock","25":"shipping-taxable","26":"purchasable","27":"product-type-simple"},"_links":{"self":[{"href":"https:\/\/lulala.pl\/index.php\/wp-json\/wp\/v2\/product\/753","targetHints":{"allow":["GET"]}}],"collection":[{"href":"https:\/\/lulala.pl\/index.php\/wp-json\/wp\/v2\/product"}],"about":[{"href":"https:\/\/lulala.pl\/index.php\/wp-json\/wp\/v2\/types\/product"}],"replies":[{"embeddable":true,"href":"https:\/\/lulala.pl\/index.php\/wp-json\/wp\/v2\/comments?post=753"}],"wp:featuredmedia":[{"embeddable":true,"href":"https:\/\/lulala.pl\/index.php\/wp-json\/wp\/v2\/media\/754"}],"wp:attachment":[{"href":"https:\/\/lulala.pl\/index.php\/wp-json\/wp\/v2\/media?parent=753"}],"wp:term":[{"taxonomy":"product_brand","embeddable":true,"href":"https:\/\/lulala.pl\/index.php\/wp-json\/wp\/v2\/product_brand?post=753"},{"taxonomy":"product_cat","embeddable":true,"href":"https:\/\/lulala.pl\/index.php\/wp-json\/wp\/v2\/product_cat?post=753"},{"taxonomy":"product_tag","embeddable":true,"href":"https:\/\/lulala.pl\/index.php\/wp-json\/wp\/v2\/product_tag?post=753"}],"curies":[{"name":"wp","href":"https:\/\/api.w.org\/{rel}","templated":true}]}}