{"id":732,"date":"2022-10-25T13:09:04","date_gmt":"2022-10-25T11:09:04","guid":{"rendered":"https:\/\/lulala.pl\/?post_type=product&#038;p=732"},"modified":"2025-06-03T07:18:52","modified_gmt":"2025-06-03T05:18:52","slug":"mini-torebka-camel","status":"publish","type":"product","link":"https:\/\/lulala.pl\/index.php\/product\/mini-torebka-camel\/","title":{"rendered":"Mini torebka Camel"},"content":{"rendered":"<p>R\u00f3\u017cowa, sk\u00f3rzana torebka wykonana z klasycznej, w\u0142oskiej br\u0105zowej camelowej sk\u00f3ry.\u00a0 Torebka zapinana jest na zapi\u0119cie magnesowe. Zosta\u0142a r\u0119cznie uszyta w naszej pracowni.<\/p>\n<p>Wymiary torebki bez bocznych tr\u00f3jk\u0105t\u00f3w: 20cm(szeroko\u015b\u0107\/4cm (bok)\/14cm(wysoko\u015b\u0107),\u00a0 szeroko\u015b\u0107 z tr\u00f3jk\u0105tami 43cm.<\/p>\n<p>Pas regulowany.<\/p>\n<p>Do torebki do\u0142\u0105czony b\u0119dzie p\u0142\u00f3cienny woreczek do przechowywania.<\/p>\n<p>Torebk\u0119 wysy\u0142amy w eco opakowaniu bez u\u017cycia plastiku.<\/p>\n<p>Prosimy o kontakt, je\u017celi chcia\u0142by\u015b dokona\u0107 personalizacji torebki.<\/p>\n","protected":false},"excerpt":{"rendered":"<p>R\u0119cznie szyta camelowa, sk\u00f3rzana torebka.<\/p>\n","protected":false},"featured_media":733,"comment_status":"open","ping_status":"closed","template":"","meta":[],"product_brand":[],"product_cat":[22],"product_tag":[84,42,62,61,74,73,79,83,82,78,75,80,76,81,77],"class_list":{"0":"post-732","1":"product","2":"type-product","3":"status-publish","4":"has-post-thumbnail","6":"product_cat-torebki","7":"product_tag-festiwalowa-torebka","8":"product_tag-minileatherbag","9":"product_tag-polska-marka","10":"product_tag-polskie-rzemioslo","11":"product_tag-polskie-torebki-hand-made","12":"product_tag-rozowa-skorzana-torebka","13":"product_tag-torebka-damska","14":"product_tag-torebka-na-impreze","15":"product_tag-torebka-na-lato","16":"product_tag-torebka-nerka","17":"product_tag-torebka-recznie-szyta","18":"product_tag-torebka-z-wytlaczanej-skory","19":"product_tag-unikatowa-skorzana-torebka","20":"product_tag-wyjatkowa-torebka","21":"product_tag-wytlaczana-skora","23":"first","24":"onbackorder","25":"shipping-taxable","26":"purchasable","27":"product-type-simple"},"_links":{"self":[{"href":"https:\/\/lulala.pl\/index.php\/wp-json\/wp\/v2\/product\/732","targetHints":{"allow":["GET"]}}],"collection":[{"href":"https:\/\/lulala.pl\/index.php\/wp-json\/wp\/v2\/product"}],"about":[{"href":"https:\/\/lulala.pl\/index.php\/wp-json\/wp\/v2\/types\/product"}],"replies":[{"embeddable":true,"href":"https:\/\/lulala.pl\/index.php\/wp-json\/wp\/v2\/comments?post=732"}],"wp:featuredmedia":[{"embeddable":true,"href":"https:\/\/lulala.pl\/index.php\/wp-json\/wp\/v2\/media\/733"}],"wp:attachment":[{"href":"https:\/\/lulala.pl\/index.php\/wp-json\/wp\/v2\/media?parent=732"}],"wp:term":[{"taxonomy":"product_brand","embeddable":true,"href":"https:\/\/lulala.pl\/index.php\/wp-json\/wp\/v2\/product_brand?post=732"},{"taxonomy":"product_cat","embeddable":true,"href":"https:\/\/lulala.pl\/index.php\/wp-json\/wp\/v2\/product_cat?post=732"},{"taxonomy":"product_tag","embeddable":true,"href":"https:\/\/lulala.pl\/index.php\/wp-json\/wp\/v2\/product_tag?post=732"}],"curies":[{"name":"wp","href":"https:\/\/api.w.org\/{rel}","templated":true}]}}