{"id":718,"date":"2022-10-23T17:32:49","date_gmt":"2022-10-23T15:32:49","guid":{"rendered":"https:\/\/lulala.pl\/?post_type=product&#038;p=718"},"modified":"2024-05-15T22:36:37","modified_gmt":"2024-05-15T20:36:37","slug":"torebka-na-ramie-moon-eyes","status":"publish","type":"product","link":"https:\/\/lulala.pl\/index.php\/product\/torebka-na-ramie-moon-eyes\/","title":{"rendered":"Torebka na rami\u0119 Moon eyes"},"content":{"rendered":"<p>Czarna torebka sk\u00f3rzana w modnym ostatnio stylu shoulder bag. Zapinana na zamek i ozdobiona dwiema ma\u0142ymi klamrami w kolorze z\u0142otym.<br \/>\n Jej kszta\u0142t przypomina mi ksi\u0119\u017cyc lub rogala.  Wykonana tylko w jednym egzemplarzu z g\u0142adkiej, licowej w\u0142oskiej sk\u00f3ry z nadrukowanym wzorem oczu.\u00a0<br \/>\nTorebka zapinana jest na zamek. Zosta\u0142a r\u0119cznie uszyta w mojej pracowni.<\/p>\n<p>Wymiary torebki : 33cm(szeroko\u015b\u0107)\/34cm(wysoko\u015b\u0107 w najwy\u017cszym miejscu),\u00a0 <\/p>\n<p>Pas  regulowany d\u0142ugo\u015b\u0107 max 58cm<\/p>\n<p>Do torebki do\u0142\u0105czony b\u0119dzie p\u0142\u00f3cienny woreczek do przechowywania. Torebk\u0119 wysy\u0142amy w eco opakowaniu bez u\u017cycia plastiku.<\/p>\n<p>Prosimy o kontakt, je\u017celi chcia\u0142by\u015b dokona\u0107 personalizacji torebki.<\/p>\n","protected":false},"excerpt":{"rendered":"<p>R\u0119cznie szyta czarna, sk\u00f3rzana torebka.<\/p>\n","protected":false},"featured_media":719,"comment_status":"open","ping_status":"closed","template":"","meta":[],"product_brand":[],"product_cat":[22],"product_tag":[42,37,36,39,40,99,95,100,45,38,41,43,94],"class_list":{"0":"post-718","1":"product","2":"type-product","3":"status-publish","4":"has-post-thumbnail","6":"product_cat-torebki","7":"product_tag-minileatherbag","8":"product_tag-polskamarka","9":"product_tag-polskierzemioslo","10":"product_tag-polskietorebkihandmade","11":"product_tag-polskietorebkiskorzanedamskie","12":"product_tag-shoulder-bag","13":"product_tag-slow-fashion","14":"product_tag-torebka-ze-skory","15":"product_tag-torebkanerkazeskorynaturalnej","16":"product_tag-torebkarecznieszyta","17":"product_tag-torebkazwytlaczanejskory","18":"product_tag-unikatowaskorzanatorebka","19":"product_tag-zrownowazona-moda","21":"first","22":"outofstock","23":"shipping-taxable","24":"purchasable","25":"product-type-simple"},"_links":{"self":[{"href":"https:\/\/lulala.pl\/index.php\/wp-json\/wp\/v2\/product\/718","targetHints":{"allow":["GET"]}}],"collection":[{"href":"https:\/\/lulala.pl\/index.php\/wp-json\/wp\/v2\/product"}],"about":[{"href":"https:\/\/lulala.pl\/index.php\/wp-json\/wp\/v2\/types\/product"}],"replies":[{"embeddable":true,"href":"https:\/\/lulala.pl\/index.php\/wp-json\/wp\/v2\/comments?post=718"}],"wp:featuredmedia":[{"embeddable":true,"href":"https:\/\/lulala.pl\/index.php\/wp-json\/wp\/v2\/media\/719"}],"wp:attachment":[{"href":"https:\/\/lulala.pl\/index.php\/wp-json\/wp\/v2\/media?parent=718"}],"wp:term":[{"taxonomy":"product_brand","embeddable":true,"href":"https:\/\/lulala.pl\/index.php\/wp-json\/wp\/v2\/product_brand?post=718"},{"taxonomy":"product_cat","embeddable":true,"href":"https:\/\/lulala.pl\/index.php\/wp-json\/wp\/v2\/product_cat?post=718"},{"taxonomy":"product_tag","embeddable":true,"href":"https:\/\/lulala.pl\/index.php\/wp-json\/wp\/v2\/product_tag?post=718"}],"curies":[{"name":"wp","href":"https:\/\/api.w.org\/{rel}","templated":true}]}}