{"id":702,"date":"2022-10-04T18:13:23","date_gmt":"2022-10-04T16:13:23","guid":{"rendered":"https:\/\/lulala.pl\/?post_type=product&#038;p=702"},"modified":"2025-06-03T12:30:51","modified_gmt":"2025-06-03T10:30:51","slug":"mini-torebka-belt-bag-braz","status":"publish","type":"product","link":"https:\/\/lulala.pl\/index.php\/product\/mini-torebka-belt-bag-braz\/","title":{"rendered":"Mini torebka Belt bag br\u0105z"},"content":{"rendered":"<p>Br\u0105zowa, koniakowa sk\u00f3rzana torebka wykonana z g\u0142adkiej, licowej w\u0142oskiej sk\u00f3ry.\u00a0 Torebka zapinana jest na zamek. Zosta\u0142a r\u0119cznie uszyta w naszej pracowni.<\/p>\n<p>Wymiary torebki : 24cm(szeroko\u015b\u0107\/19cm(wysoko\u015b\u0107),\u00a0 <\/p>\n<p>Pas  regulowany<\/p>\n<p>Do torebki do\u0142\u0105czony b\u0119dzie p\u0142\u00f3cienny woreczek do przechowywania. Torebk\u0119 wysy\u0142amy w eco opakowaniu bez u\u017cycia plastiku.<\/p>\n<p>Prosimy o kontakt, je\u017celi chcia\u0142by\u015b dokona\u0107 personalizacji torebki.<\/p>\n","protected":false},"excerpt":{"rendered":"<p>R\u0119cznie szyta czerwona, sk\u00f3rzana torebka.<\/p>\n","protected":false},"featured_media":703,"comment_status":"open","ping_status":"closed","template":"","meta":[],"product_brand":[],"product_cat":[22],"product_tag":[96,42,37,36,39,40,95,45,38,41,43,94],"class_list":{"0":"post-702","1":"product","2":"type-product","3":"status-publish","4":"has-post-thumbnail","6":"product_cat-torebki","7":"product_tag-brazowa-torebka-ze-skory","8":"product_tag-minileatherbag","9":"product_tag-polskamarka","10":"product_tag-polskierzemioslo","11":"product_tag-polskietorebkihandmade","12":"product_tag-polskietorebkiskorzanedamskie","13":"product_tag-slow-fashion","14":"product_tag-torebkanerkazeskorynaturalnej","15":"product_tag-torebkarecznieszyta","16":"product_tag-torebkazwytlaczanejskory","17":"product_tag-unikatowaskorzanatorebka","18":"product_tag-zrownowazona-moda","20":"first","21":"onbackorder","22":"shipping-taxable","23":"purchasable","24":"product-type-simple"},"_links":{"self":[{"href":"https:\/\/lulala.pl\/index.php\/wp-json\/wp\/v2\/product\/702","targetHints":{"allow":["GET"]}}],"collection":[{"href":"https:\/\/lulala.pl\/index.php\/wp-json\/wp\/v2\/product"}],"about":[{"href":"https:\/\/lulala.pl\/index.php\/wp-json\/wp\/v2\/types\/product"}],"replies":[{"embeddable":true,"href":"https:\/\/lulala.pl\/index.php\/wp-json\/wp\/v2\/comments?post=702"}],"wp:featuredmedia":[{"embeddable":true,"href":"https:\/\/lulala.pl\/index.php\/wp-json\/wp\/v2\/media\/703"}],"wp:attachment":[{"href":"https:\/\/lulala.pl\/index.php\/wp-json\/wp\/v2\/media?parent=702"}],"wp:term":[{"taxonomy":"product_brand","embeddable":true,"href":"https:\/\/lulala.pl\/index.php\/wp-json\/wp\/v2\/product_brand?post=702"},{"taxonomy":"product_cat","embeddable":true,"href":"https:\/\/lulala.pl\/index.php\/wp-json\/wp\/v2\/product_cat?post=702"},{"taxonomy":"product_tag","embeddable":true,"href":"https:\/\/lulala.pl\/index.php\/wp-json\/wp\/v2\/product_tag?post=702"}],"curies":[{"name":"wp","href":"https:\/\/api.w.org\/{rel}","templated":true}]}}