{"id":669,"date":"2022-05-24T22:09:57","date_gmt":"2022-05-24T20:09:57","guid":{"rendered":"https:\/\/lulala.pl\/?post_type=product&#038;p=669"},"modified":"2023-04-24T21:59:38","modified_gmt":"2023-04-24T19:59:38","slug":"mini-torebka-pink-croco-2","status":"publish","type":"product","link":"https:\/\/lulala.pl\/index.php\/product\/mini-torebka-pink-croco-2\/","title":{"rendered":"Mini torebka Pink croco"},"content":{"rendered":"<p>R\u00f3\u017cowa, sk\u00f3rzana torebka wykonana z wyt\u0142aczanej, w\u0142oskiej, lakierowanej sk\u00f3ry.\u00a0 Torebka zapinana jest na z\u0142ot\u0105 klamr\u0119. Zosta\u0142a r\u0119cznie uszyta w naszej pracowni.<\/p>\n<p>Wymiary torebki bez bocznych tr\u00f3jk\u0105t\u00f3w: 20cm(szeroko\u015b\u0107\/4cm (bok)\/14cm(wysoko\u015b\u0107),\u00a0 szeroko\u015b\u0107 z tr\u00f3jk\u0105tami 43cm.<\/p>\n<p>Pas regulowany.<\/p>\n<p>Do torebki do\u0142\u0105czony b\u0119dzie p\u0142\u00f3cienny woreczek do przechowywania. Torebk\u0119 wysy\u0142amy w eco opakowaniu bez u\u017cycia plastiku.<\/p>\n<p>Prosimy o kontakt, je\u017celi chcia\u0142by\u015b dokona\u0107 personalizacji torebki.<\/p>\n","protected":false},"excerpt":{"rendered":"<p>R\u0119cznie szyta czerwona, sk\u00f3rzana torebka.<\/p>\n","protected":false},"featured_media":616,"comment_status":"open","ping_status":"closed","template":"","meta":[],"product_brand":[],"product_cat":[22],"product_tag":[44,42,37,36,39,40,45,38,41,43],"class_list":{"0":"post-669","1":"product","2":"type-product","3":"status-publish","4":"has-post-thumbnail","6":"product_cat-torebki","7":"product_tag-czerwonaskorzanatorebka","8":"product_tag-minileatherbag","9":"product_tag-polskamarka","10":"product_tag-polskierzemioslo","11":"product_tag-polskietorebkihandmade","12":"product_tag-polskietorebkiskorzanedamskie","13":"product_tag-torebkanerkazeskorynaturalnej","14":"product_tag-torebkarecznieszyta","15":"product_tag-torebkazwytlaczanejskory","16":"product_tag-unikatowaskorzanatorebka","18":"first","19":"onbackorder","20":"shipping-taxable","21":"purchasable","22":"product-type-simple"},"_links":{"self":[{"href":"https:\/\/lulala.pl\/index.php\/wp-json\/wp\/v2\/product\/669","targetHints":{"allow":["GET"]}}],"collection":[{"href":"https:\/\/lulala.pl\/index.php\/wp-json\/wp\/v2\/product"}],"about":[{"href":"https:\/\/lulala.pl\/index.php\/wp-json\/wp\/v2\/types\/product"}],"replies":[{"embeddable":true,"href":"https:\/\/lulala.pl\/index.php\/wp-json\/wp\/v2\/comments?post=669"}],"wp:featuredmedia":[{"embeddable":true,"href":"https:\/\/lulala.pl\/index.php\/wp-json\/wp\/v2\/media\/616"}],"wp:attachment":[{"href":"https:\/\/lulala.pl\/index.php\/wp-json\/wp\/v2\/media?parent=669"}],"wp:term":[{"taxonomy":"product_brand","embeddable":true,"href":"https:\/\/lulala.pl\/index.php\/wp-json\/wp\/v2\/product_brand?post=669"},{"taxonomy":"product_cat","embeddable":true,"href":"https:\/\/lulala.pl\/index.php\/wp-json\/wp\/v2\/product_cat?post=669"},{"taxonomy":"product_tag","embeddable":true,"href":"https:\/\/lulala.pl\/index.php\/wp-json\/wp\/v2\/product_tag?post=669"}],"curies":[{"name":"wp","href":"https:\/\/api.w.org\/{rel}","templated":true}]}}