{"id":1065,"date":"2026-05-13T19:59:09","date_gmt":"2026-05-13T17:59:09","guid":{"rendered":"https:\/\/lulala.pl\/?post_type=product&#038;p=1065"},"modified":"2026-05-13T20:08:58","modified_gmt":"2026-05-13T18:08:58","slug":"naszyjnik-animal-print","status":"publish","type":"product","link":"https:\/\/lulala.pl\/index.php\/product\/naszyjnik-animal-print\/","title":{"rendered":"Naszyjnik animal print"},"content":{"rendered":"<p>R\u0119cznie wykonany naszyjnik z ozdobnym \u0142a\u0144cuszkiem kuleczkowym i efektown\u0105 zawieszk\u0105 w kszta\u0142cie serca. Po\u0142\u0105czenie z\u0142otych detali z wzorem inspirowanym panterk\u0105 nadaje mu wyj\u0105tkowego charakteru i modowego pazura. Idealny dla os\u00f3b, kt\u00f3re lubi\u0105 oryginaln\u0105 bi\u017cuteri\u0119 handmade i wyraziste dodatki.<\/p>\n<p>Obw\u00f3d naszyjnika 40cm<\/p>\n","protected":false},"excerpt":{"rendered":"<p>R\u0119cznie wykonany naszyjnik z ozdobnym \u0142a\u0144cuszkiem kuleczkowym i efektown\u0105 zawieszk\u0105 w kszta\u0142cie serca.<\/p>\n","protected":false},"featured_media":1066,"comment_status":"open","ping_status":"closed","template":"","meta":[],"product_brand":[],"product_cat":[155,156],"product_tag":[151,157,187,148],"class_list":{"0":"post-1065","1":"product","2":"type-product","3":"status-publish","4":"has-post-thumbnail","6":"product_cat-bizuteria","7":"product_cat-naszyjniki","8":"product_tag-bizuteria","9":"product_tag-naszyjnik-personalizowany","10":"product_tag-naszyjnik-ze-skory-naturalnej","11":"product_tag-wyrob-wlasnoreczny","13":"first","14":"instock","15":"shipping-taxable","16":"purchasable","17":"product-type-simple"},"_links":{"self":[{"href":"https:\/\/lulala.pl\/index.php\/wp-json\/wp\/v2\/product\/1065","targetHints":{"allow":["GET"]}}],"collection":[{"href":"https:\/\/lulala.pl\/index.php\/wp-json\/wp\/v2\/product"}],"about":[{"href":"https:\/\/lulala.pl\/index.php\/wp-json\/wp\/v2\/types\/product"}],"replies":[{"embeddable":true,"href":"https:\/\/lulala.pl\/index.php\/wp-json\/wp\/v2\/comments?post=1065"}],"wp:featuredmedia":[{"embeddable":true,"href":"https:\/\/lulala.pl\/index.php\/wp-json\/wp\/v2\/media\/1066"}],"wp:attachment":[{"href":"https:\/\/lulala.pl\/index.php\/wp-json\/wp\/v2\/media?parent=1065"}],"wp:term":[{"taxonomy":"product_brand","embeddable":true,"href":"https:\/\/lulala.pl\/index.php\/wp-json\/wp\/v2\/product_brand?post=1065"},{"taxonomy":"product_cat","embeddable":true,"href":"https:\/\/lulala.pl\/index.php\/wp-json\/wp\/v2\/product_cat?post=1065"},{"taxonomy":"product_tag","embeddable":true,"href":"https:\/\/lulala.pl\/index.php\/wp-json\/wp\/v2\/product_tag?post=1065"}],"curies":[{"name":"wp","href":"https:\/\/api.w.org\/{rel}","templated":true}]}}