{"id":1062,"date":"2026-05-13T19:48:33","date_gmt":"2026-05-13T17:48:33","guid":{"rendered":"https:\/\/lulala.pl\/?post_type=product&#038;p=1062"},"modified":"2026-05-13T20:18:58","modified_gmt":"2026-05-13T18:18:58","slug":"naszyjnik-z-jaspisu-rozowego-w-stylu-kowbojskim","status":"publish","type":"product","link":"https:\/\/lulala.pl\/index.php\/product\/naszyjnik-z-jaspisu-rozowego-w-stylu-kowbojskim\/","title":{"rendered":"Naszyjnik z jaspisu"},"content":{"rendered":"<p>W\u0142asnor\u0119cznie wykonany naszyjnik z r\u00f3\u017cowego Jaspisu z kowbojskim elementem.<br \/>\nDodatki: r\u00f3\u017cowe serce ze sk\u00f3ry 1,5cm, z\u0142oty wisiorek buta kowbojskiego<br \/>\nelementy z\u0142ote wykonane s\u0105 ze stali nierdzewnej.<br \/>\nObw\u00f3d naszyjnika 40cm<br \/>\nwielko\u015b\u0107 jaspisu: 0,5cm<\/p>\n","protected":false},"excerpt":{"rendered":"<p>W\u0142asnor\u0119cznie wykonany naszyjnik z r\u00f3\u017cowego Jaspisu z kowbojskim elementem. Dodatki: r\u00f3\u017cowe serce ze sk\u00f3ry 1,5cm, z\u0142oty wisiorek buta kowbojskiego elementy z\u0142ote wykonane s\u0105 ze stali nierdzewnej. Obw\u00f3d naszyjnika 40cm wielko\u015b\u0107 [&hellip;]<\/p>\n","protected":false},"featured_media":1068,"comment_status":"open","ping_status":"closed","template":"","meta":[],"product_brand":[],"product_cat":[155,156],"product_tag":[151,189,149,157,148],"class_list":{"0":"post-1062","1":"product","2":"type-product","3":"status-publish","4":"has-post-thumbnail","6":"product_cat-bizuteria","7":"product_cat-naszyjniki","8":"product_tag-bizuteria","9":"product_tag-jaspis","10":"product_tag-kowboj","11":"product_tag-naszyjnik-personalizowany","12":"product_tag-wyrob-wlasnoreczny","14":"first","15":"instock","16":"shipping-taxable","17":"purchasable","18":"product-type-simple"},"_links":{"self":[{"href":"https:\/\/lulala.pl\/index.php\/wp-json\/wp\/v2\/product\/1062","targetHints":{"allow":["GET"]}}],"collection":[{"href":"https:\/\/lulala.pl\/index.php\/wp-json\/wp\/v2\/product"}],"about":[{"href":"https:\/\/lulala.pl\/index.php\/wp-json\/wp\/v2\/types\/product"}],"replies":[{"embeddable":true,"href":"https:\/\/lulala.pl\/index.php\/wp-json\/wp\/v2\/comments?post=1062"}],"wp:featuredmedia":[{"embeddable":true,"href":"https:\/\/lulala.pl\/index.php\/wp-json\/wp\/v2\/media\/1068"}],"wp:attachment":[{"href":"https:\/\/lulala.pl\/index.php\/wp-json\/wp\/v2\/media?parent=1062"}],"wp:term":[{"taxonomy":"product_brand","embeddable":true,"href":"https:\/\/lulala.pl\/index.php\/wp-json\/wp\/v2\/product_brand?post=1062"},{"taxonomy":"product_cat","embeddable":true,"href":"https:\/\/lulala.pl\/index.php\/wp-json\/wp\/v2\/product_cat?post=1062"},{"taxonomy":"product_tag","embeddable":true,"href":"https:\/\/lulala.pl\/index.php\/wp-json\/wp\/v2\/product_tag?post=1062"}],"curies":[{"name":"wp","href":"https:\/\/api.w.org\/{rel}","templated":true}]}}