{"id":1051,"date":"2026-05-11T18:57:41","date_gmt":"2026-05-11T16:57:41","guid":{"rendered":"https:\/\/lulala.pl\/?post_type=product&#038;p=1051"},"modified":"2026-05-11T19:03:22","modified_gmt":"2026-05-11T17:03:22","slug":"kolczyki-serca-zloto-i-roz","status":"publish","type":"product","link":"https:\/\/lulala.pl\/index.php\/product\/kolczyki-serca-zloto-i-roz\/","title":{"rendered":"Kolczyki Serca Z\u0142oto i R\u00f3\u017c"},"content":{"rendered":"<p>Model z\u0142o\u017cony z kilku efektownych element\u00f3w: z\u0142otego kwiatuszka, r\u00f3\u017cowego serca, mniejszego serca w z\u0142otym kolorze. Po\u0142\u0105czenie romantycznego stylu z modowym pazurem tworzy wyj\u0105tkowy dodatek idealny do stylizacji boho, vintage. Lekkie, oryginalne i pe\u0142ne charakteru \u2014 \u015bwietnie podkre\u015bl\u0105 ka\u017cd\u0105 stylizacj\u0119, od swetra po wieczorowy look.<\/p>\n<p>Materia\u0142: stal nierdzewna i sk\u00f3ra naturalna<br \/>\nWymiary: D\u0142ugo\u015b\u0107 ca\u0142ego kolczyka 5cm<br \/>\nKolor serc: r\u00f3\u017c i z\u0142oto.<br \/>\nMotyw serc<br \/>\n-z\u0142ote wyko\u0144czenia<br \/>\n-lekkie i wygodne w noszeniu<br \/>\n-podw\u00f3jny motyw serca<\/p>\n","protected":false},"excerpt":{"rendered":"<p>Romantyczne kolczyki w intensywnie r\u00f3\u017cowym kolorze<\/p>\n","protected":false},"featured_media":1052,"comment_status":"open","ping_status":"closed","template":"","meta":[],"product_brand":[],"product_cat":[155,166],"product_tag":[183,168,170,182,180],"class_list":{"0":"post-1051","1":"product","2":"type-product","3":"status-publish","4":"has-post-thumbnail","6":"product_cat-bizuteria","7":"product_cat-kolczyki","8":"product_tag-bizuteriadamska","9":"product_tag-kolczyki","10":"product_tag-kolczyki-z-rozowymi-sercami","11":"product_tag-kolczyki-ze-skory","12":"product_tag-kolczykiserca","14":"first","15":"instock","16":"shipping-taxable","17":"purchasable","18":"product-type-simple"},"_links":{"self":[{"href":"https:\/\/lulala.pl\/index.php\/wp-json\/wp\/v2\/product\/1051","targetHints":{"allow":["GET"]}}],"collection":[{"href":"https:\/\/lulala.pl\/index.php\/wp-json\/wp\/v2\/product"}],"about":[{"href":"https:\/\/lulala.pl\/index.php\/wp-json\/wp\/v2\/types\/product"}],"replies":[{"embeddable":true,"href":"https:\/\/lulala.pl\/index.php\/wp-json\/wp\/v2\/comments?post=1051"}],"wp:featuredmedia":[{"embeddable":true,"href":"https:\/\/lulala.pl\/index.php\/wp-json\/wp\/v2\/media\/1052"}],"wp:attachment":[{"href":"https:\/\/lulala.pl\/index.php\/wp-json\/wp\/v2\/media?parent=1051"}],"wp:term":[{"taxonomy":"product_brand","embeddable":true,"href":"https:\/\/lulala.pl\/index.php\/wp-json\/wp\/v2\/product_brand?post=1051"},{"taxonomy":"product_cat","embeddable":true,"href":"https:\/\/lulala.pl\/index.php\/wp-json\/wp\/v2\/product_cat?post=1051"},{"taxonomy":"product_tag","embeddable":true,"href":"https:\/\/lulala.pl\/index.php\/wp-json\/wp\/v2\/product_tag?post=1051"}],"curies":[{"name":"wp","href":"https:\/\/api.w.org\/{rel}","templated":true}]}}