{"id":1047,"date":"2026-05-11T18:29:32","date_gmt":"2026-05-11T16:29:32","guid":{"rendered":"https:\/\/lulala.pl\/?post_type=product&#038;p=1047"},"modified":"2026-05-11T18:48:07","modified_gmt":"2026-05-11T16:48:07","slug":"kolczyki-serce-90s","status":"publish","type":"product","link":"https:\/\/lulala.pl\/index.php\/product\/kolczyki-serce-90s\/","title":{"rendered":"Kolczyki Serce 90&#8217;s"},"content":{"rendered":"<p>Po\u0142\u0105czenie z\u0142otej, nieregularnej formy z du\u017cym sercem w czekoladowo-czarny wz\u00f3r tworzy efektowny dodatek dla kobiet, kt\u00f3re lubi\u0105 odwa\u017cne akcenty w stylizacji. Lekka forma i oryginalny design sprawiaj\u0105, \u017ce kolczyki \u015bwietnie sprawdz\u0105 si\u0119 zar\u00f3wno na co dzie\u0144, jak i do wieczorowych outfit\u00f3w. Idealne do stylu boho i glam.<br \/>\nMateria\u0142: stal nierdzewna i sk\u00f3ra naturalna<br \/>\nWymiary: D\u0142ugo\u015b\u0107 ca\u0142ego kolczyka 7cm<br \/>\nKolor serca: zwierz\u0119cy print\/ br\u0105z.<br \/>\nMotyw serca<br \/>\n-du\u017ce serce w zwierz\u0119cy wz\u00f3r<br \/>\n-z\u0142ote, artystyczne wyko\u0144czenie<br \/>\n-lekkie i komfortowe<br \/>\n-modne po\u0142\u0105czenie br\u0105zu i czerni<\/p>\n","protected":false},"excerpt":{"rendered":"<p>Wyraziste kolczyki w kszta\u0142cie serca z modnym zwierz\u0119cym printem.<\/p>\n","protected":false},"featured_media":1048,"comment_status":"open","ping_status":"closed","template":"","meta":[],"product_brand":[],"product_cat":[155,166],"product_tag":[185,183,184,182,186],"class_list":{"0":"post-1047","1":"product","2":"type-product","3":"status-publish","4":"has-post-thumbnail","6":"product_cat-bizuteria","7":"product_cat-kolczyki","8":"product_tag-animalprint","9":"product_tag-bizuteriadamska","10":"product_tag-handmadejewelry","11":"product_tag-kolczyki-ze-skory","12":"product_tag-kolczykinaimpreze","14":"first","15":"instock","16":"shipping-taxable","17":"purchasable","18":"product-type-simple"},"_links":{"self":[{"href":"https:\/\/lulala.pl\/index.php\/wp-json\/wp\/v2\/product\/1047","targetHints":{"allow":["GET"]}}],"collection":[{"href":"https:\/\/lulala.pl\/index.php\/wp-json\/wp\/v2\/product"}],"about":[{"href":"https:\/\/lulala.pl\/index.php\/wp-json\/wp\/v2\/types\/product"}],"replies":[{"embeddable":true,"href":"https:\/\/lulala.pl\/index.php\/wp-json\/wp\/v2\/comments?post=1047"}],"wp:featuredmedia":[{"embeddable":true,"href":"https:\/\/lulala.pl\/index.php\/wp-json\/wp\/v2\/media\/1048"}],"wp:attachment":[{"href":"https:\/\/lulala.pl\/index.php\/wp-json\/wp\/v2\/media?parent=1047"}],"wp:term":[{"taxonomy":"product_brand","embeddable":true,"href":"https:\/\/lulala.pl\/index.php\/wp-json\/wp\/v2\/product_brand?post=1047"},{"taxonomy":"product_cat","embeddable":true,"href":"https:\/\/lulala.pl\/index.php\/wp-json\/wp\/v2\/product_cat?post=1047"},{"taxonomy":"product_tag","embeddable":true,"href":"https:\/\/lulala.pl\/index.php\/wp-json\/wp\/v2\/product_tag?post=1047"}],"curies":[{"name":"wp","href":"https:\/\/api.w.org\/{rel}","templated":true}]}}