{"id":1042,"date":"2026-05-11T18:05:42","date_gmt":"2026-05-11T16:05:42","guid":{"rendered":"https:\/\/lulala.pl\/?post_type=product&#038;p=1042"},"modified":"2026-05-11T18:05:42","modified_gmt":"2026-05-11T16:05:42","slug":"kolczyki-kowbojki-leopard","status":"publish","type":"product","link":"https:\/\/lulala.pl\/index.php\/product\/kolczyki-kowbojki-leopard\/","title":{"rendered":"Kolczyki Kowbojki Leopard"},"content":{"rendered":"<p>Model z\u0142o\u017cony z kilku efektownych element\u00f3w: z\u0142otego kwiatuszka, pudrowor\u00f3\u017cowego serca, wi\u0119kszego serca w panterkowy wz\u00f3r oraz ozdobnej z\u0142otej zawieszki w kszta\u0142cie kowbojskiego buta. Po\u0142\u0105czenie romantycznego stylu z modowym pazurem tworzy wyj\u0105tkowy dodatek idealny do stylizacji boho, vintage. Lekkie, oryginalne i pe\u0142ne charakteru \u2014 \u015bwietnie podkre\u015bl\u0105 ka\u017cd\u0105 stylizacj\u0119, od swetra po wieczorowy look.<\/p>\n<p>Materia\u0142: stal nierdzewna i sk\u00f3ra naturalna<br \/>\nWymiary: D\u0142ugo\u015b\u0107 ca\u0142ego kolczyka 7cm<br \/>\nKolor serc: pudrowy r\u00f3\u017c i zwierz\u0119cy print\/ br\u0105z.<br \/>\nMotyw serc i westernowego buta<br \/>\n-z\u0142ote wyko\u0144czenia<br \/>\n-lekkie i wygodne w noszeniu<\/p>\n","protected":false},"excerpt":{"rendered":"<p>Model z\u0142o\u017cony z kilku efektownych element\u00f3w: z\u0142otego kwiatuszka, pudrowor\u00f3\u017cowego serca, wi\u0119kszego serca w panterkowy wz\u00f3r oraz ozdobnej z\u0142otej zawieszki w kszta\u0142cie kowbojskiego buta. Po\u0142\u0105czenie romantycznego stylu z modowym pazurem tworzy [&hellip;]<\/p>\n","protected":false},"featured_media":1043,"comment_status":"open","ping_status":"closed","template":"","meta":[],"product_brand":[],"product_cat":[155,166],"product_tag":[168,178,181,182,180],"class_list":{"0":"post-1042","1":"product","2":"type-product","3":"status-publish","4":"has-post-thumbnail","6":"product_cat-bizuteria","7":"product_cat-kolczyki","8":"product_tag-kolczyki","9":"product_tag-kolczyki-kolka-z-sercami-ze-skory","10":"product_tag-kolczyki-z-motywem-kowbojki","11":"product_tag-kolczyki-ze-skory","12":"product_tag-kolczykiserca","14":"first","15":"instock","16":"shipping-taxable","17":"purchasable","18":"product-type-simple"},"_links":{"self":[{"href":"https:\/\/lulala.pl\/index.php\/wp-json\/wp\/v2\/product\/1042","targetHints":{"allow":["GET"]}}],"collection":[{"href":"https:\/\/lulala.pl\/index.php\/wp-json\/wp\/v2\/product"}],"about":[{"href":"https:\/\/lulala.pl\/index.php\/wp-json\/wp\/v2\/types\/product"}],"replies":[{"embeddable":true,"href":"https:\/\/lulala.pl\/index.php\/wp-json\/wp\/v2\/comments?post=1042"}],"wp:featuredmedia":[{"embeddable":true,"href":"https:\/\/lulala.pl\/index.php\/wp-json\/wp\/v2\/media\/1043"}],"wp:attachment":[{"href":"https:\/\/lulala.pl\/index.php\/wp-json\/wp\/v2\/media?parent=1042"}],"wp:term":[{"taxonomy":"product_brand","embeddable":true,"href":"https:\/\/lulala.pl\/index.php\/wp-json\/wp\/v2\/product_brand?post=1042"},{"taxonomy":"product_cat","embeddable":true,"href":"https:\/\/lulala.pl\/index.php\/wp-json\/wp\/v2\/product_cat?post=1042"},{"taxonomy":"product_tag","embeddable":true,"href":"https:\/\/lulala.pl\/index.php\/wp-json\/wp\/v2\/product_tag?post=1042"}],"curies":[{"name":"wp","href":"https:\/\/api.w.org\/{rel}","templated":true}]}}