{"id":1037,"date":"2026-05-06T21:22:38","date_gmt":"2026-05-06T19:22:38","guid":{"rendered":"https:\/\/lulala.pl\/?post_type=product&#038;p=1037"},"modified":"2026-05-06T21:26:53","modified_gmt":"2026-05-06T19:26:53","slug":"kolczyki-kolka-z-sercami-roz","status":"publish","type":"product","link":"https:\/\/lulala.pl\/index.php\/product\/kolczyki-kolka-z-sercami-roz\/","title":{"rendered":"Kolczyki K\u00f3\u0142ka z Sercami r\u00f3\u017c"},"content":{"rendered":"<p>Kolczyki wtkonana ze stali nierdzewnej i sk\u00f3ry naturalnej.D\u0142ugo\u015b\u0107 2,5cm<br \/>\nKolory z\u0142oty i r\u00f3\u017c Pink<\/p>\n","protected":false},"excerpt":{"rendered":"<p>Kolczyki wtkonana ze stali nierdzewnej i sk\u00f3ry naturalnej.D\u0142ugo\u015b\u0107 2,5cm Kolory z\u0142oty i r\u00f3\u017c Pink<\/p>\n","protected":false},"featured_media":1020,"comment_status":"open","ping_status":"closed","template":"","meta":[],"product_brand":[177],"product_cat":[155,166],"product_tag":[165,167,178,170,179],"class_list":{"0":"post-1037","1":"product","2":"type-product","3":"status-publish","4":"has-post-thumbnail","6":"product_brand-lulala","7":"product_cat-bizuteria","8":"product_cat-kolczyki","9":"product_tag-bizuteria-ze-skory-naturalnej","10":"product_tag-bizuteria-ze-stali-nierdzewnej","11":"product_tag-kolczyki-kolka-z-sercami-ze-skory","12":"product_tag-kolczyki-z-rozowymi-sercami","13":"product_tag-rozowe-serca","15":"first","16":"instock","17":"shipping-taxable","18":"purchasable","19":"product-type-simple"},"_links":{"self":[{"href":"https:\/\/lulala.pl\/index.php\/wp-json\/wp\/v2\/product\/1037","targetHints":{"allow":["GET"]}}],"collection":[{"href":"https:\/\/lulala.pl\/index.php\/wp-json\/wp\/v2\/product"}],"about":[{"href":"https:\/\/lulala.pl\/index.php\/wp-json\/wp\/v2\/types\/product"}],"replies":[{"embeddable":true,"href":"https:\/\/lulala.pl\/index.php\/wp-json\/wp\/v2\/comments?post=1037"}],"wp:featuredmedia":[{"embeddable":true,"href":"https:\/\/lulala.pl\/index.php\/wp-json\/wp\/v2\/media\/1020"}],"wp:attachment":[{"href":"https:\/\/lulala.pl\/index.php\/wp-json\/wp\/v2\/media?parent=1037"}],"wp:term":[{"taxonomy":"product_brand","embeddable":true,"href":"https:\/\/lulala.pl\/index.php\/wp-json\/wp\/v2\/product_brand?post=1037"},{"taxonomy":"product_cat","embeddable":true,"href":"https:\/\/lulala.pl\/index.php\/wp-json\/wp\/v2\/product_cat?post=1037"},{"taxonomy":"product_tag","embeddable":true,"href":"https:\/\/lulala.pl\/index.php\/wp-json\/wp\/v2\/product_tag?post=1037"}],"curies":[{"name":"wp","href":"https:\/\/api.w.org\/{rel}","templated":true}]}}