{"id":1027,"date":"2026-05-06T15:37:32","date_gmt":"2026-05-06T13:37:32","guid":{"rendered":"https:\/\/lulala.pl\/?post_type=product&#038;p=1027"},"modified":"2026-05-06T15:37:32","modified_gmt":"2026-05-06T13:37:32","slug":"kolczyki-trzy-serca-krokodyl","status":"publish","type":"product","link":"https:\/\/lulala.pl\/index.php\/product\/kolczyki-trzy-serca-krokodyl\/","title":{"rendered":"Kolczyki trzy serca krokodyl"},"content":{"rendered":"<p>Kolczyki wykonane z stali nierdzennej i sk\u00f3ry naturalnej. Trzy serca z Czarnej lakierowanej sk\u00f3ra wyt\u0142aczanej w motyw krokodyla.<br \/>\nWymiary: D\u0142ugo\u015b\u0107 ka\u017cdego serca 1cm<br \/>\nKolor Serc: Czarne lakierowane i wyt\u0142aczane w motyw krokodyla<\/p>\n","protected":false},"excerpt":{"rendered":"<p>Kolczyki wykonane z stali nierdzennej i sk\u00f3ry naturalnej. Trzy serca z Czarnej lakierowanej sk\u00f3ra wyt\u0142aczanej w motyw krokodyla. Wymiary: D\u0142ugo\u015b\u0107 ka\u017cdego serca 1cm Kolor Serc: Czarne lakierowane i wyt\u0142aczane w [&hellip;]<\/p>\n","protected":false},"featured_media":1028,"comment_status":"open","ping_status":"closed","template":"","meta":[],"product_brand":[],"product_cat":[155,166],"product_tag":[165,167,176,148,77],"class_list":{"0":"post-1027","1":"product","2":"type-product","3":"status-publish","4":"has-post-thumbnail","6":"product_cat-bizuteria","7":"product_cat-kolczyki","8":"product_tag-bizuteria-ze-skory-naturalnej","9":"product_tag-bizuteria-ze-stali-nierdzewnej","10":"product_tag-kolczyki-z-motywem-krokodyla","11":"product_tag-wyrob-wlasnoreczny","12":"product_tag-wytlaczana-skora","14":"first","15":"instock","16":"shipping-taxable","17":"purchasable","18":"product-type-simple"},"_links":{"self":[{"href":"https:\/\/lulala.pl\/index.php\/wp-json\/wp\/v2\/product\/1027","targetHints":{"allow":["GET"]}}],"collection":[{"href":"https:\/\/lulala.pl\/index.php\/wp-json\/wp\/v2\/product"}],"about":[{"href":"https:\/\/lulala.pl\/index.php\/wp-json\/wp\/v2\/types\/product"}],"replies":[{"embeddable":true,"href":"https:\/\/lulala.pl\/index.php\/wp-json\/wp\/v2\/comments?post=1027"}],"wp:featuredmedia":[{"embeddable":true,"href":"https:\/\/lulala.pl\/index.php\/wp-json\/wp\/v2\/media\/1028"}],"wp:attachment":[{"href":"https:\/\/lulala.pl\/index.php\/wp-json\/wp\/v2\/media?parent=1027"}],"wp:term":[{"taxonomy":"product_brand","embeddable":true,"href":"https:\/\/lulala.pl\/index.php\/wp-json\/wp\/v2\/product_brand?post=1027"},{"taxonomy":"product_cat","embeddable":true,"href":"https:\/\/lulala.pl\/index.php\/wp-json\/wp\/v2\/product_cat?post=1027"},{"taxonomy":"product_tag","embeddable":true,"href":"https:\/\/lulala.pl\/index.php\/wp-json\/wp\/v2\/product_tag?post=1027"}],"curies":[{"name":"wp","href":"https:\/\/api.w.org\/{rel}","templated":true}]}}