{"id":1024,"date":"2026-05-06T15:27:01","date_gmt":"2026-05-06T13:27:01","guid":{"rendered":"https:\/\/lulala.pl\/?post_type=product&#038;p=1024"},"modified":"2026-05-06T15:38:18","modified_gmt":"2026-05-06T13:38:18","slug":"kolczyki-ju-krowa","status":"publish","type":"product","link":"https:\/\/lulala.pl\/index.php\/product\/kolczyki-ju-krowa\/","title":{"rendered":"Kolczyki JU z motywem Krowy"},"content":{"rendered":"<p>Kolczyki wykonane z stali nierdzennej i sk\u00f3ry naturalnej z motywem zwierz\u0119cym<br \/>\nWymiary: D\u0142ugo\u015b\u0107 serca 2,5cm<br \/>\nD\u0142ugo\u015b\u0107 ca\u0142ego kolczyka 6cm<br \/>\nkolor serca: Motyw Krowy<\/p>\n","protected":false},"excerpt":{"rendered":"<p>Kolczyki wykonane z stali nierdzennej i sk\u00f3ry naturalnej z motywem zwierz\u0119cym Wymiary: D\u0142ugo\u015b\u0107 serca 2,5cm D\u0142ugo\u015b\u0107 ca\u0142ego kolczyka 6cm kolor serca: Motyw Krowy<\/p>\n","protected":false},"featured_media":1025,"comment_status":"open","ping_status":"closed","template":"","meta":[],"product_brand":[],"product_cat":[155,166],"product_tag":[165,167,174,175,140],"class_list":{"0":"post-1024","1":"product","2":"type-product","3":"status-publish","4":"has-post-thumbnail","6":"product_cat-bizuteria","7":"product_cat-kolczyki","8":"product_tag-bizuteria-ze-skory-naturalnej","9":"product_tag-bizuteria-ze-stali-nierdzewnej","10":"product_tag-koczyki-z-motywem-krowy","11":"product_tag-skorzane-serduszko","12":"product_tag-wlasnoreczny-wyrob","14":"first","15":"instock","16":"shipping-taxable","17":"purchasable","18":"product-type-simple"},"_links":{"self":[{"href":"https:\/\/lulala.pl\/index.php\/wp-json\/wp\/v2\/product\/1024","targetHints":{"allow":["GET"]}}],"collection":[{"href":"https:\/\/lulala.pl\/index.php\/wp-json\/wp\/v2\/product"}],"about":[{"href":"https:\/\/lulala.pl\/index.php\/wp-json\/wp\/v2\/types\/product"}],"replies":[{"embeddable":true,"href":"https:\/\/lulala.pl\/index.php\/wp-json\/wp\/v2\/comments?post=1024"}],"wp:featuredmedia":[{"embeddable":true,"href":"https:\/\/lulala.pl\/index.php\/wp-json\/wp\/v2\/media\/1025"}],"wp:attachment":[{"href":"https:\/\/lulala.pl\/index.php\/wp-json\/wp\/v2\/media?parent=1024"}],"wp:term":[{"taxonomy":"product_brand","embeddable":true,"href":"https:\/\/lulala.pl\/index.php\/wp-json\/wp\/v2\/product_brand?post=1024"},{"taxonomy":"product_cat","embeddable":true,"href":"https:\/\/lulala.pl\/index.php\/wp-json\/wp\/v2\/product_cat?post=1024"},{"taxonomy":"product_tag","embeddable":true,"href":"https:\/\/lulala.pl\/index.php\/wp-json\/wp\/v2\/product_tag?post=1024"}],"curies":[{"name":"wp","href":"https:\/\/api.w.org\/{rel}","templated":true}]}}