{"id":1014,"date":"2026-05-06T14:59:22","date_gmt":"2026-05-06T12:59:22","guid":{"rendered":"https:\/\/lulala.pl\/?post_type=product&#038;p=1014"},"modified":"2026-05-06T14:59:22","modified_gmt":"2026-05-06T12:59:22","slug":"kolczyki-serduszka-mini-panterka","status":"publish","type":"product","link":"https:\/\/lulala.pl\/index.php\/product\/kolczyki-serduszka-mini-panterka\/","title":{"rendered":"Kolczyki serduszka mini panterka"},"content":{"rendered":"<p>Kolczyki sztyfty wykonane z stali nierdzennej i sk\u00f3ry naturalnej z printem w motywy zwierz\u0119ce.<br \/>\nWymiary: D\u0142ugo\u015b\u0107 serca 1cm<br \/>\nD\u0142ugo\u015b\u0107 ca\u0142ego kolczyka 2cm<br \/>\nKolor serca: Pantera<\/p>\n","protected":false},"excerpt":{"rendered":"<p>Kolczyki sztyfty wykonane z stali nierdzennej i sk\u00f3ry naturalnej z printem w motywy zwierz\u0119ce. Wymiary: D\u0142ugo\u015b\u0107 serca 1cm D\u0142ugo\u015b\u0107 ca\u0142ego kolczyka 2cm Kolor serca: Pantera<\/p>\n","protected":false},"featured_media":1015,"comment_status":"open","ping_status":"closed","template":"","meta":[],"product_brand":[],"product_cat":[155,166],"product_tag":[165,167,171,163,148],"class_list":{"0":"post-1014","1":"product","2":"type-product","3":"status-publish","4":"has-post-thumbnail","6":"product_cat-bizuteria","7":"product_cat-kolczyki","8":"product_tag-bizuteria-ze-skory-naturalnej","9":"product_tag-bizuteria-ze-stali-nierdzewnej","10":"product_tag-kolczyki-z-motywem-panterki","11":"product_tag-skorzane-serca","12":"product_tag-wyrob-wlasnoreczny","14":"first","15":"instock","16":"shipping-taxable","17":"purchasable","18":"product-type-simple"},"_links":{"self":[{"href":"https:\/\/lulala.pl\/index.php\/wp-json\/wp\/v2\/product\/1014","targetHints":{"allow":["GET"]}}],"collection":[{"href":"https:\/\/lulala.pl\/index.php\/wp-json\/wp\/v2\/product"}],"about":[{"href":"https:\/\/lulala.pl\/index.php\/wp-json\/wp\/v2\/types\/product"}],"replies":[{"embeddable":true,"href":"https:\/\/lulala.pl\/index.php\/wp-json\/wp\/v2\/comments?post=1014"}],"wp:featuredmedia":[{"embeddable":true,"href":"https:\/\/lulala.pl\/index.php\/wp-json\/wp\/v2\/media\/1015"}],"wp:attachment":[{"href":"https:\/\/lulala.pl\/index.php\/wp-json\/wp\/v2\/media?parent=1014"}],"wp:term":[{"taxonomy":"product_brand","embeddable":true,"href":"https:\/\/lulala.pl\/index.php\/wp-json\/wp\/v2\/product_brand?post=1014"},{"taxonomy":"product_cat","embeddable":true,"href":"https:\/\/lulala.pl\/index.php\/wp-json\/wp\/v2\/product_cat?post=1014"},{"taxonomy":"product_tag","embeddable":true,"href":"https:\/\/lulala.pl\/index.php\/wp-json\/wp\/v2\/product_tag?post=1014"}],"curies":[{"name":"wp","href":"https:\/\/api.w.org\/{rel}","templated":true}]}}