{"id":1002,"date":"2026-05-06T14:24:22","date_gmt":"2026-05-06T12:24:22","guid":{"rendered":"https:\/\/lulala.pl\/?post_type=product&#038;p=1002"},"modified":"2026-05-06T15:37:49","modified_gmt":"2026-05-06T13:37:49","slug":"kolczyki-ju-double-heart","status":"publish","type":"product","link":"https:\/\/lulala.pl\/index.php\/product\/kolczyki-ju-double-heart\/","title":{"rendered":"Kolczyki Double Heart"},"content":{"rendered":"<p>Kolczyki wykonane z stali nierdzennej i sk\u00f3ry naturalnej.<br \/>\nWymiary: D\u0142ugo\u015b\u0107 ma\u0142ego serca 1cm<br \/>\nD\u0142ugo\u015b\u0107 du\u017cego serca 2,5cm<br \/>\nD\u0142ugo\u015b\u0107 ca\u0142ego kolczyka 5,5cm<br \/>\nkolor serc: pudrowy r\u00f3\u017c i dzieci\u0119cy motyw kr\u00f3w<\/p>\n","protected":false},"excerpt":{"rendered":"<p>Kolczyki wykonane z stali nierdzennej i sk\u00f3ry naturalnej. Wymiary: D\u0142ugo\u015b\u0107 ma\u0142ego serca 1cm D\u0142ugo\u015b\u0107 du\u017cego serca 2,5cm D\u0142ugo\u015b\u0107 ca\u0142ego kolczyka 5,5cm kolor serc: pudrowy r\u00f3\u017c i dzieci\u0119cy motyw kr\u00f3w<\/p>\n","protected":false},"featured_media":1004,"comment_status":"open","ping_status":"closed","template":"","meta":[],"product_brand":[],"product_cat":[155,166],"product_tag":[167,168,163,140],"class_list":{"0":"post-1002","1":"product","2":"type-product","3":"status-publish","4":"has-post-thumbnail","6":"product_cat-bizuteria","7":"product_cat-kolczyki","8":"product_tag-bizuteria-ze-stali-nierdzewnej","9":"product_tag-kolczyki","10":"product_tag-skorzane-serca","11":"product_tag-wlasnoreczny-wyrob","13":"first","14":"instock","15":"shipping-taxable","16":"purchasable","17":"product-type-simple"},"_links":{"self":[{"href":"https:\/\/lulala.pl\/index.php\/wp-json\/wp\/v2\/product\/1002","targetHints":{"allow":["GET"]}}],"collection":[{"href":"https:\/\/lulala.pl\/index.php\/wp-json\/wp\/v2\/product"}],"about":[{"href":"https:\/\/lulala.pl\/index.php\/wp-json\/wp\/v2\/types\/product"}],"replies":[{"embeddable":true,"href":"https:\/\/lulala.pl\/index.php\/wp-json\/wp\/v2\/comments?post=1002"}],"wp:featuredmedia":[{"embeddable":true,"href":"https:\/\/lulala.pl\/index.php\/wp-json\/wp\/v2\/media\/1004"}],"wp:attachment":[{"href":"https:\/\/lulala.pl\/index.php\/wp-json\/wp\/v2\/media?parent=1002"}],"wp:term":[{"taxonomy":"product_brand","embeddable":true,"href":"https:\/\/lulala.pl\/index.php\/wp-json\/wp\/v2\/product_brand?post=1002"},{"taxonomy":"product_cat","embeddable":true,"href":"https:\/\/lulala.pl\/index.php\/wp-json\/wp\/v2\/product_cat?post=1002"},{"taxonomy":"product_tag","embeddable":true,"href":"https:\/\/lulala.pl\/index.php\/wp-json\/wp\/v2\/product_tag?post=1002"}],"curies":[{"name":"wp","href":"https:\/\/api.w.org\/{rel}","templated":true}]}}