{"id":481,"date":"2022-01-22T16:21:09","date_gmt":"2022-01-22T15:21:09","guid":{"rendered":"http:\/\/lulala.pl\/?page_id=481"},"modified":"2025-10-29T21:20:48","modified_gmt":"2025-10-29T20:20:48","slug":"o-mnie","status":"publish","type":"page","link":"https:\/\/lulala.pl\/index.php\/o-mnie\/","title":{"rendered":"O mnie"},"content":{"rendered":"\n<div class=\"wp-block-columns is-layout-flex wp-container-core-columns-is-layout-9d6595d7 wp-block-columns-is-layout-flex\">\n<div class=\"wp-block-column is-layout-flow wp-block-column-is-layout-flow\">\n<div style=\"height:122px\" aria-hidden=\"true\" class=\"wp-block-spacer\"><\/div>\n\n\n\n<figure class=\"wp-block-image size-large\"><img loading=\"lazy\" decoding=\"async\" width=\"697\" height=\"1024\" src=\"https:\/\/lulala.pl\/wp-content\/uploads\/2025\/10\/lulala-marta-dawicka-1-697x1024.jpg\" alt=\"\" class=\"wp-image-928\" srcset=\"https:\/\/lulala.pl\/wp-content\/uploads\/2025\/10\/lulala-marta-dawicka-1-697x1024.jpg 697w, https:\/\/lulala.pl\/wp-content\/uploads\/2025\/10\/lulala-marta-dawicka-1-204x300.jpg 204w, https:\/\/lulala.pl\/wp-content\/uploads\/2025\/10\/lulala-marta-dawicka-1-768x1128.jpg 768w, https:\/\/lulala.pl\/wp-content\/uploads\/2025\/10\/lulala-marta-dawicka-1-1045x1536.jpg 1045w, https:\/\/lulala.pl\/wp-content\/uploads\/2025\/10\/lulala-marta-dawicka-1-920x1352.jpg 920w, https:\/\/lulala.pl\/wp-content\/uploads\/2025\/10\/lulala-marta-dawicka-1-575x845.jpg 575w, https:\/\/lulala.pl\/wp-content\/uploads\/2025\/10\/lulala-marta-dawicka-1-380x558.jpg 380w, https:\/\/lulala.pl\/wp-content\/uploads\/2025\/10\/lulala-marta-dawicka-1-420x617.jpg 420w, https:\/\/lulala.pl\/wp-content\/uploads\/2025\/10\/lulala-marta-dawicka-1-800x1175.jpg 800w, https:\/\/lulala.pl\/wp-content\/uploads\/2025\/10\/lulala-marta-dawicka-1.jpg 1089w\" sizes=\"auto, (max-width: 697px) 100vw, 697px\" \/><\/figure>\n<\/div>\n\n\n\n<div class=\"wp-block-column is-layout-flow wp-block-column-is-layout-flow\">\n<h2 class=\"wp-block-heading\">Lulala.<\/h2>\n\n\n\n<p>Nazywam si\u0119 Marta Dawicka. Z wykszta\u0142cenia jestem fotografem,<br>a projektowaniem torebek zajmuj\u0119 si\u0119 od 15 lat. Na pocz\u0105tku pracowa\u0142am z siostr\u0105. Projektowa\u0142y\u015bmy i sprzedawa\u0142y\u015bmy torebki materia\u0142owe, kt\u00f3rych szycie zleca\u0142y\u015bmy podwykonawcom. By\u0142y\u015bmy pionierkami tr\u00f3jmiejskiej sceny r\u0119kodzie\u0142a, organizuj\u0105c w 2006 roku pierwszy kiermasz Hand Made w klubogalerii Soho w Sopocie. Przez wiele lat prowadzi\u0142y\u015bmy w Gda\u0144sku sklep Hand Made, gdzie sprzedawa\u0142y\u015bmy nasze produkty, jak r\u00f3wnie\u017c r\u0119kodzie\u0142o wielu tr\u00f3jmiejskich artyst\u00f3w.<\/p>\n\n\n\n<p>Od d\u0142u\u017cszego czasu zacz\u0119\u0142a kie\u0142kowa\u0107 we mnie my\u015bl, by nauczy\u0107 si\u0119 samemu szycia najwy\u017cszej jako\u015bci torebek ze sk\u00f3ry i zosta\u0107 &#8222;leather crafterem&#8221;. Pocz\u0105tki w tym fachu nie by\u0142y \u0142atwe, a pierwsze r\u0119czne szwy ko\u015blawe. Kiedy zacz\u0119\u0142y powstawa\u0107 moje w\u0142asne sk\u00f3rzane torebki, ta pasja wci\u0105gn\u0119\u0142a mnie bez reszty. Pierwsze partie towaru rozda\u0142am kole\u017cankom, a gdy zdoby\u0142am ju\u017c wystarczaj\u0105ce do\u015bwiadczenie by podpisa\u0107 si\u0119 pod moimi produktami, za\u0142o\u017cy\u0142am mark\u0119 \u201eLulala\u201d.<\/p>\n\n\n\n<p>W leather crafcie najbardziej poci\u0105ga mnie to, \u017ce tw\u00f3rca &#8211; rzemie\u015blnik jest zupe\u0142nie wolny, niezale\u017cny i nic go nie ogranicza. Nie mam \u017cadnych podwykonawc\u00f3w. Kupuj\u0105c moj\u0105 torebk\u0119, kupujesz gwarancj\u0119, \u017ce osobi\u015bcie sp\u0119dzi\u0142am nad ni\u0105 d\u0142ugie godziny pracy. <\/p>\n\n\n\n<p>Jestem osob\u0105, kt\u00f3ra bardzo lubi odwa\u017cne kreacje i barwne kolory,<br>co wida\u0107 w moich kolekcjach. Do produkcji torebek u\u017cywam stokowych, w\u0142oskich sk\u00f3r, poniewa\u017c bliska jest mi idea upcyclingu. Dzi\u0119ki moim projektom, sk\u00f3ry poprodukcyjne z w\u0142oskich manufaktur dostaj\u0105 nowe \u017cycie.<\/p>\n\n\n\n<p>Ka\u017cdy projekt od pocz\u0105tku do ko\u0144ca wykonuj\u0119 sama w mojej ma\u0142ej pracowni, dbaj\u0105c o najwy\u017csz\u0105 jako\u015b\u0107 wykonania. Wszystkie torebki s\u0105 inne, poniewa\u017c szyj\u0119 je r\u0119cznie. Bardzo cz\u0119sto indywidualnie dopasowuj\u0119 je do wymaga\u0144 danej klientki. Nie wahaj si\u0119 &#8211; napisz czego dok\u0142adnie oczekujesz. Na pewno w\u0142o\u017c\u0119 ca\u0142e serce, by sprosta\u0107 Twoim oczekiwaniom.<\/p>\n<\/div>\n<\/div>\n\n\n\n<p><\/p>\n","protected":false},"excerpt":{"rendered":"<p>Lulala. Nazywam si\u0119 Marta Dawicka. Z wykszta\u0142cenia jestem fotografem,a projektowaniem torebek zajmuj\u0119 si\u0119 od 15 lat. Na pocz\u0105tku pracowa\u0142am z siostr\u0105. Projektowa\u0142y\u015bmy i sprzedawa\u0142y\u015bmy torebki materia\u0142owe, kt\u00f3rych szycie zleca\u0142y\u015bmy podwykonawcom. [&hellip;]<\/p>\n","protected":false},"author":1,"featured_media":0,"parent":0,"menu_order":0,"comment_status":"closed","ping_status":"closed","template":"","meta":{"footnotes":""},"class_list":["post-481","page","type-page","status-publish","hentry"],"_links":{"self":[{"href":"https:\/\/lulala.pl\/index.php\/wp-json\/wp\/v2\/pages\/481","targetHints":{"allow":["GET"]}}],"collection":[{"href":"https:\/\/lulala.pl\/index.php\/wp-json\/wp\/v2\/pages"}],"about":[{"href":"https:\/\/lulala.pl\/index.php\/wp-json\/wp\/v2\/types\/page"}],"author":[{"embeddable":true,"href":"https:\/\/lulala.pl\/index.php\/wp-json\/wp\/v2\/users\/1"}],"replies":[{"embeddable":true,"href":"https:\/\/lulala.pl\/index.php\/wp-json\/wp\/v2\/comments?post=481"}],"version-history":[{"count":26,"href":"https:\/\/lulala.pl\/index.php\/wp-json\/wp\/v2\/pages\/481\/revisions"}],"predecessor-version":[{"id":931,"href":"https:\/\/lulala.pl\/index.php\/wp-json\/wp\/v2\/pages\/481\/revisions\/931"}],"wp:attachment":[{"href":"https:\/\/lulala.pl\/index.php\/wp-json\/wp\/v2\/media?parent=481"}],"curies":[{"name":"wp","href":"https:\/\/api.w.org\/{rel}","templated":true}]}}